{"id":1918,"date":"2019-11-16T11:17:40","date_gmt":"2019-11-16T10:17:40","guid":{"rendered":"https:\/\/kudem.apps-1and1.net\/?page_id=1918"},"modified":"2020-05-20T12:49:27","modified_gmt":"2020-05-20T10:49:27","slug":"religion-und-finanzen-in-deutschland","status":"publish","type":"page","link":"https:\/\/www.kudem.com\/de\/veranstaltungen\/religion-und-finanzen-in-deutschland","title":{"rendered":"Religion und Finanzen in Deutschland"},"content":{"rendered":"\t\t<div data-elementor-type=\"wp-page\" data-elementor-id=\"1918\" class=\"elementor elementor-1918\" data-elementor-post-type=\"page\">\n\t\t\t\t\t\t<section class=\"elementor-section elementor-top-section elementor-element elementor-element-5f30c889 elementor-section-content-middle elementor-section-boxed elementor-section-height-default elementor-section-height-default\" data-id=\"5f30c889\" data-element_type=\"section\" data-e-type=\"section\" data-settings=\"{&quot;background_background&quot;:&quot;classic&quot;}\">\n\t\t\t\t\t\t\t<div class=\"elementor-background-overlay\"><\/div>\n\t\t\t\t\t\t\t<div class=\"elementor-container elementor-column-gap-no\">\n\t\t\t\t\t<div class=\"elementor-column elementor-col-100 elementor-top-column elementor-element elementor-element-7fca5838\" data-id=\"7fca5838\" data-element_type=\"column\" data-e-type=\"column\">\n\t\t\t<div class=\"elementor-widget-wrap elementor-element-populated\">\n\t\t\t\t\t\t<div class=\"elementor-element elementor-element-41cff217 elementor-widget elementor-widget-spacer\" data-id=\"41cff217\" data-element_type=\"widget\" data-e-type=\"widget\" data-widget_type=\"spacer.default\">\n\t\t\t\t<div class=\"elementor-widget-container\">\n\t\t\t\t\t\t\t<div class=\"elementor-spacer\">\n\t\t\t<div class=\"elementor-spacer-inner\"><\/div>\n\t\t<\/div>\n\t\t\t\t\t\t<\/div>\n\t\t\t\t<\/div>\n\t\t\t\t\t<\/div>\n\t\t<\/div>\n\t\t\t\t\t<\/div>\n\t\t<\/section>\n\t\t\t\t<section class=\"elementor-section elementor-top-section elementor-element elementor-element-6165c182 elementor-section-boxed elementor-section-height-default elementor-section-height-default\" data-id=\"6165c182\" data-element_type=\"section\" data-e-type=\"section\">\n\t\t\t\t\t\t<div class=\"elementor-container elementor-column-gap-default\">\n\t\t\t\t\t<div class=\"elementor-column elementor-col-100 elementor-top-column elementor-element elementor-element-1c23fb4c\" data-id=\"1c23fb4c\" data-element_type=\"column\" data-e-type=\"column\">\n\t\t\t<div class=\"elementor-widget-wrap elementor-element-populated\">\n\t\t\t\t\t\t<div class=\"elementor-element elementor-element-3e8e8dfb elementor-widget elementor-widget-text-editor\" data-id=\"3e8e8dfb\" data-element_type=\"widget\" data-e-type=\"widget\" data-widget_type=\"text-editor.default\">\n\t\t\t\t<div class=\"elementor-widget-container\">\n\t\t\t\t\t\t\t\t\t<p>Hochkar\u00e4tige Konferenz von\u00a0IFIS&amp;IZ<br \/>\u201eReligion und Finanzen in Deutschland\u201c<br \/>mit internationalen Experten und Wissenschaftlern<\/p>\t\t\t\t\t\t\t\t<\/div>\n\t\t\t\t<\/div>\n\t\t\t\t<div class=\"elementor-element elementor-element-160f6d07 elementor-widget elementor-widget-text-editor\" data-id=\"160f6d07\" data-element_type=\"widget\" data-e-type=\"widget\" data-widget_type=\"text-editor.default\">\n\t\t\t\t<div class=\"elementor-widget-container\">\n\t\t\t\t\t\t\t\t\tAm 04. Mai 2018 veranstaltete das IFIS&#038;IZ eine internationale Konferenz zum Thema \u201eReligion und Finanzen in Deutschland\u201c. Renommierte Wirtschaftsprofessoren und Banker, Rechts- und Ethikexperten sowie Vertreter von Unternehmen und Aufsichtsbeh\u00f6rden kamen zusammen, um die Auswirkung von Glaubenssystemen auf moderne Volkswirtschaften zu diskutierten. Er\u00f6ffnet wurde die prominent besetzte interdisziplin\u00e4re Veranstaltung, die mit der Unterst\u00fctzung des Kulturhaus der europ\u00e4ischen Muslime (KUDEM) und der KT Bank AG stattfand, durch den Gastgeber Prof. Dr. H\u00fcseyin \u0130lker \u00c7\u0131nar (Gr\u00fcndungsdirektor IFIS&#038;IZ). In seinem Eingangsstatement ging Prof. Dr. \u00c7\u0131nar auf die theologischen Grundlagen des islamischen Finanz- und Wirtschaftssystems ein und betonte, dass bei einer Neuauslegung der heiligen Texte nicht nur Theologie und Wirtschaft, sondern auch weitere relevante Wissenschaften zur Vermeidung von Missverst\u00e4ndnissen und Fehldeutungen zu ber\u00fccksichtigen sind. Qualifizierte Wissenschaftler m\u00fcssen sich in einer fachgerechten Art und Weise den Mechanismen des rationalen Denkens und der Innovation bedienen, wenn der Bedarf besteht und die Voraussetzungen erf\u00fcllt sind, um auf diesem Wege Rechtsfortbildung betreiben und Fehlentwicklungen korrigieren zu k\u00f6nnen, so Prof. Dr. \u00c7\u0131nar.\t\t\t\t\t\t\t\t<\/div>\n\t\t\t\t<\/div>\n\t\t\t\t\t<\/div>\n\t\t<\/div>\n\t\t\t\t\t<\/div>\n\t\t<\/section>\n\t\t\t\t<section class=\"elementor-section elementor-top-section elementor-element elementor-element-198ff529 elementor-section-content-middle elementor-section-boxed elementor-section-height-default elementor-section-height-default\" data-id=\"198ff529\" data-element_type=\"section\" data-e-type=\"section\">\n\t\t\t\t\t\t<div class=\"elementor-container elementor-column-gap-no\">\n\t\t\t\t\t<div class=\"elementor-column elementor-col-100 elementor-top-column elementor-element elementor-element-14120664\" data-id=\"14120664\" data-element_type=\"column\" data-e-type=\"column\">\n\t\t\t<div class=\"elementor-widget-wrap elementor-element-populated\">\n\t\t\t\t\t\t<div class=\"elementor-element elementor-element-3a544592 elementor-skin-slideshow elementor-arrows-yes elementor-widget elementor-widget-media-carousel\" data-id=\"3a544592\" data-element_type=\"widget\" data-e-type=\"widget\" data-settings=\"{&quot;space_between&quot;:{&quot;unit&quot;:&quot;px&quot;,&quot;size&quot;:21,&quot;sizes&quot;:[]},&quot;skin&quot;:&quot;slideshow&quot;,&quot;effect&quot;:&quot;slide&quot;,&quot;show_arrows&quot;:&quot;yes&quot;,&quot;speed&quot;:500,&quot;autoplay&quot;:&quot;yes&quot;,&quot;autoplay_speed&quot;:5000,&quot;loop&quot;:&quot;yes&quot;,&quot;pause_on_hover&quot;:&quot;yes&quot;,&quot;pause_on_interaction&quot;:&quot;yes&quot;,&quot;space_between_tablet&quot;:{&quot;unit&quot;:&quot;px&quot;,&quot;size&quot;:10,&quot;sizes&quot;:[]},&quot;space_between_mobile&quot;:{&quot;unit&quot;:&quot;px&quot;,&quot;size&quot;:10,&quot;sizes&quot;:[]}}\" data-widget_type=\"media-carousel.default\">\n\t\t\t\t<div class=\"elementor-widget-container\">\n\t\t\t\t\t\t\t\t\t<div class=\"elementor-swiper\">\n\t\t\t\t\t<div class=\"elementor-main-swiper swiper\" role=\"region\" aria-roledescription=\"carousel\" aria-label=\"Slider\">\n\t\t\t\t<div class=\"swiper-wrapper\">\n\t\t\t\t\t\t\t\t\t\t\t<div class=\"swiper-slide\" role=\"group\" aria-roledescription=\"slide\">\n\t\t\t\t\t\t\t\t\t<div class=\"elementor-carousel-image\" role=\"img\" aria-label=\"ifis-iz_religion_finanzen_26.jpg\" style=\"background-image: url(&#039;https:\/\/www.kudem.com\/wp-content\/uploads\/2019\/11\/ifis-iz_religion_finanzen_26.jpg&#039;)\">\n\n\t\t\t\n\t\t\t\t\t<\/div>\n\t\t\t\t\t\t\t\t<\/div>\n\t\t\t\t\t\t\t\t\t\t\t<div class=\"swiper-slide\" role=\"group\" aria-roledescription=\"slide\">\n\t\t\t\t\t\t\t\t\t<div class=\"elementor-carousel-image\" role=\"img\" aria-label=\"ifis-iz_religion_finanzen_32.jpg\" style=\"background-image: url(&#039;https:\/\/www.kudem.com\/wp-content\/uploads\/2019\/11\/ifis-iz_religion_finanzen_32-1.jpg&#039;)\">\n\n\t\t\t\n\t\t\t\t\t<\/div>\n\t\t\t\t\t\t\t\t<\/div>\n\t\t\t\t\t\t\t\t\t\t\t<div class=\"swiper-slide\" role=\"group\" aria-roledescription=\"slide\">\n\t\t\t\t\t\t\t\t\t<div class=\"elementor-carousel-image\" role=\"img\" aria-label=\"ifis-iz_religion_finanzen_36.jpg\" style=\"background-image: url(&#039;https:\/\/www.kudem.com\/wp-content\/uploads\/2019\/11\/ifis-iz_religion_finanzen_36.jpg&#039;)\">\n\n\t\t\t\n\t\t\t\t\t<\/div>\n\t\t\t\t\t\t\t\t<\/div>\n\t\t\t\t\t\t\t\t\t\t\t<div class=\"swiper-slide\" role=\"group\" aria-roledescription=\"slide\">\n\t\t\t\t\t\t\t\t\t<div class=\"elementor-carousel-image\" role=\"img\" aria-label=\"ifis-iz_religion_finanzen_27.jpg\" style=\"background-image: url(&#039;https:\/\/www.kudem.com\/wp-content\/uploads\/2019\/11\/ifis-iz_religion_finanzen_27.jpg&#039;)\">\n\n\t\t\t\n\t\t\t\t\t<\/div>\n\t\t\t\t\t\t\t\t<\/div>\n\t\t\t\t\t\t\t\t\t\t\t<div class=\"swiper-slide\" role=\"group\" aria-roledescription=\"slide\">\n\t\t\t\t\t\t\t\t\t<div class=\"elementor-carousel-image\" role=\"img\" aria-label=\"ifis-iz_religion_finanzen_3.jpg\" style=\"background-image: url(&#039;https:\/\/www.kudem.com\/wp-content\/uploads\/2019\/11\/ifis-iz_religion_finanzen_3.jpg&#039;)\">\n\n\t\t\t\n\t\t\t\t\t<\/div>\n\t\t\t\t\t\t\t\t<\/div>\n\t\t\t\t\t\t\t\t\t\t\t<div class=\"swiper-slide\" role=\"group\" aria-roledescription=\"slide\">\n\t\t\t\t\t\t\t\t\t<div class=\"elementor-carousel-image\" role=\"img\" aria-label=\"ifis-iz_religion_finanzen_11.jpg\" style=\"background-image: url(&#039;https:\/\/www.kudem.com\/wp-content\/uploads\/2019\/11\/ifis-iz_religion_finanzen_11.jpg&#039;)\">\n\n\t\t\t\n\t\t\t\t\t<\/div>\n\t\t\t\t\t\t\t\t<\/div>\n\t\t\t\t\t\t\t\t\t\t\t<div class=\"swiper-slide\" role=\"group\" aria-roledescription=\"slide\">\n\t\t\t\t\t\t\t\t\t<div class=\"elementor-carousel-image\" role=\"img\" aria-label=\"ifis-iz_religion_finanzen_8.jpg\" style=\"background-image: url(&#039;https:\/\/www.kudem.com\/wp-content\/uploads\/2019\/11\/ifis-iz_religion_finanzen_8.jpg&#039;)\">\n\n\t\t\t\n\t\t\t\t\t<\/div>\n\t\t\t\t\t\t\t\t<\/div>\n\t\t\t\t\t\t\t\t\t\t\t<div class=\"swiper-slide\" role=\"group\" aria-roledescription=\"slide\">\n\t\t\t\t\t\t\t\t\t<div class=\"elementor-carousel-image\" role=\"img\" aria-label=\"ifis-iz_religion_finanzen_9.jpg\" style=\"background-image: url(&#039;https:\/\/www.kudem.com\/wp-content\/uploads\/2019\/11\/ifis-iz_religion_finanzen_9.jpg&#039;)\">\n\n\t\t\t\n\t\t\t\t\t<\/div>\n\t\t\t\t\t\t\t\t<\/div>\n\t\t\t\t\t\t\t\t\t\t\t<div class=\"swiper-slide\" role=\"group\" aria-roledescription=\"slide\">\n\t\t\t\t\t\t\t\t\t<div class=\"elementor-carousel-image\" role=\"img\" aria-label=\"ifis-iz_religion_finanzen_16.jpg\" style=\"background-image: url(&#039;https:\/\/www.kudem.com\/wp-content\/uploads\/2019\/11\/ifis-iz_religion_finanzen_16-1.jpg&#039;)\">\n\n\t\t\t\n\t\t\t\t\t<\/div>\n\t\t\t\t\t\t\t\t<\/div>\n\t\t\t\t\t\t\t\t\t\t\t<div class=\"swiper-slide\" role=\"group\" aria-roledescription=\"slide\">\n\t\t\t\t\t\t\t\t\t<div class=\"elementor-carousel-image\" role=\"img\" aria-label=\"ifis-iz_religion_finanzen_2.jpg\" style=\"background-image: url(&#039;https:\/\/www.kudem.com\/wp-content\/uploads\/2019\/11\/ifis-iz_religion_finanzen_2.jpg&#039;)\">\n\n\t\t\t\n\t\t\t\t\t<\/div>\n\t\t\t\t\t\t\t\t<\/div>\n\t\t\t\t\t\t\t\t\t\t\t<div class=\"swiper-slide\" role=\"group\" aria-roledescription=\"slide\">\n\t\t\t\t\t\t\t\t\t<div class=\"elementor-carousel-image\" role=\"img\" aria-label=\"ifis-iz_religion_finanzen_1.jpg\" style=\"background-image: url(&#039;https:\/\/www.kudem.com\/wp-content\/uploads\/2019\/11\/ifis-iz_religion_finanzen_1.jpg&#039;)\">\n\n\t\t\t\n\t\t\t\t\t<\/div>\n\t\t\t\t\t\t\t\t<\/div>\n\t\t\t\t\t\t\t\t\t<\/div>\n\t\t\t\t\t\t\t\t\t\t\t\t\t\t\t<div class=\"elementor-swiper-button elementor-swiper-button-prev\" role=\"button\" tabindex=\"0\" aria-label=\"Voriger\">\n\t\t\t\t\t\t\t<svg aria-hidden=\"true\" class=\"e-font-icon-svg e-eicon-chevron-left\" viewBox=\"0 0 1000 1000\" xmlns=\"http:\/\/www.w3.org\/2000\/svg\"><path d=\"M646 125C629 125 613 133 604 142L308 442C296 454 292 471 292 487 292 504 296 521 308 533L604 854C617 867 629 875 646 875 663 875 679 871 692 858 704 846 713 829 713 812 713 796 708 779 692 767L438 487 692 225C700 217 708 204 708 187 708 171 704 154 692 142 675 129 663 125 646 125Z\"><\/path><\/svg>\t\t\t\t\t\t<\/div>\n\t\t\t\t\t\t<div class=\"elementor-swiper-button elementor-swiper-button-next\" role=\"button\" tabindex=\"0\" aria-label=\"N\u00e4chster\">\n\t\t\t\t\t\t\t<svg aria-hidden=\"true\" class=\"e-font-icon-svg e-eicon-chevron-right\" viewBox=\"0 0 1000 1000\" xmlns=\"http:\/\/www.w3.org\/2000\/svg\"><path d=\"M696 533C708 521 713 504 713 487 713 471 708 454 696 446L400 146C388 133 375 125 354 125 338 125 325 129 313 142 300 154 292 171 292 187 292 204 296 221 308 233L563 492 304 771C292 783 288 800 288 817 288 833 296 850 308 863 321 871 338 875 354 875 371 875 388 867 400 854L696 533Z\"><\/path><\/svg>\t\t\t\t\t\t<\/div>\n\t\t\t\t\t\t\t\t\t\t\t\t\t\t\t\t\t<\/div>\n\t\t\t\t<\/div>\n\t\t\t\t\t\t\t\t<div class=\"elementor-swiper\">\n\t\t\t\t\t<div class=\"elementor-main-swiper swiper elementor-thumbnails-swiper swiper\" role=\"region region\" aria-roledescription=\"carousel carousel\" aria-label=\"Slider Slider\">\n\t\t\t\t<div class=\"swiper-wrapper\">\n\t\t\t\t\t\t\t\t\t\t\t<div class=\"swiper-slide\" role=\"group\" aria-roledescription=\"slide\">\n\t\t\t\t\t\t\t\t\t<div class=\"elementor-carousel-image\" role=\"img\" aria-label=\"ifis-iz_religion_finanzen_26.jpg\" style=\"background-image: url(&#039;https:\/\/www.kudem.com\/wp-content\/uploads\/2019\/11\/ifis-iz_religion_finanzen_26.jpg&#039;)\">\n\n\t\t\t\n\t\t\t\t\t<\/div>\n\t\t\t\t\t\t\t\t<\/div>\n\t\t\t\t\t\t\t\t\t\t\t<div class=\"swiper-slide\" role=\"group\" aria-roledescription=\"slide\">\n\t\t\t\t\t\t\t\t\t<div class=\"elementor-carousel-image\" role=\"img\" aria-label=\"ifis-iz_religion_finanzen_32.jpg\" style=\"background-image: url(&#039;https:\/\/www.kudem.com\/wp-content\/uploads\/2019\/11\/ifis-iz_religion_finanzen_32-1.jpg&#039;)\">\n\n\t\t\t\n\t\t\t\t\t<\/div>\n\t\t\t\t\t\t\t\t<\/div>\n\t\t\t\t\t\t\t\t\t\t\t<div class=\"swiper-slide\" role=\"group\" aria-roledescription=\"slide\">\n\t\t\t\t\t\t\t\t\t<div class=\"elementor-carousel-image\" role=\"img\" aria-label=\"ifis-iz_religion_finanzen_36.jpg\" style=\"background-image: url(&#039;https:\/\/www.kudem.com\/wp-content\/uploads\/2019\/11\/ifis-iz_religion_finanzen_36.jpg&#039;)\">\n\n\t\t\t\n\t\t\t\t\t<\/div>\n\t\t\t\t\t\t\t\t<\/div>\n\t\t\t\t\t\t\t\t\t\t\t<div class=\"swiper-slide\" role=\"group\" aria-roledescription=\"slide\">\n\t\t\t\t\t\t\t\t\t<div class=\"elementor-carousel-image\" role=\"img\" aria-label=\"ifis-iz_religion_finanzen_27.jpg\" style=\"background-image: url(&#039;https:\/\/www.kudem.com\/wp-content\/uploads\/2019\/11\/ifis-iz_religion_finanzen_27.jpg&#039;)\">\n\n\t\t\t\n\t\t\t\t\t<\/div>\n\t\t\t\t\t\t\t\t<\/div>\n\t\t\t\t\t\t\t\t\t\t\t<div class=\"swiper-slide\" role=\"group\" aria-roledescription=\"slide\">\n\t\t\t\t\t\t\t\t\t<div class=\"elementor-carousel-image\" role=\"img\" aria-label=\"ifis-iz_religion_finanzen_3.jpg\" style=\"background-image: url(&#039;https:\/\/www.kudem.com\/wp-content\/uploads\/2019\/11\/ifis-iz_religion_finanzen_3.jpg&#039;)\">\n\n\t\t\t\n\t\t\t\t\t<\/div>\n\t\t\t\t\t\t\t\t<\/div>\n\t\t\t\t\t\t\t\t\t\t\t<div class=\"swiper-slide\" role=\"group\" aria-roledescription=\"slide\">\n\t\t\t\t\t\t\t\t\t<div class=\"elementor-carousel-image\" role=\"img\" aria-label=\"ifis-iz_religion_finanzen_11.jpg\" style=\"background-image: url(&#039;https:\/\/www.kudem.com\/wp-content\/uploads\/2019\/11\/ifis-iz_religion_finanzen_11.jpg&#039;)\">\n\n\t\t\t\n\t\t\t\t\t<\/div>\n\t\t\t\t\t\t\t\t<\/div>\n\t\t\t\t\t\t\t\t\t\t\t<div class=\"swiper-slide\" role=\"group\" aria-roledescription=\"slide\">\n\t\t\t\t\t\t\t\t\t<div class=\"elementor-carousel-image\" role=\"img\" aria-label=\"ifis-iz_religion_finanzen_8.jpg\" style=\"background-image: url(&#039;https:\/\/www.kudem.com\/wp-content\/uploads\/2019\/11\/ifis-iz_religion_finanzen_8.jpg&#039;)\">\n\n\t\t\t\n\t\t\t\t\t<\/div>\n\t\t\t\t\t\t\t\t<\/div>\n\t\t\t\t\t\t\t\t\t\t\t<div class=\"swiper-slide\" role=\"group\" aria-roledescription=\"slide\">\n\t\t\t\t\t\t\t\t\t<div class=\"elementor-carousel-image\" role=\"img\" aria-label=\"ifis-iz_religion_finanzen_9.jpg\" style=\"background-image: url(&#039;https:\/\/www.kudem.com\/wp-content\/uploads\/2019\/11\/ifis-iz_religion_finanzen_9.jpg&#039;)\">\n\n\t\t\t\n\t\t\t\t\t<\/div>\n\t\t\t\t\t\t\t\t<\/div>\n\t\t\t\t\t\t\t\t\t\t\t<div class=\"swiper-slide\" role=\"group\" aria-roledescription=\"slide\">\n\t\t\t\t\t\t\t\t\t<div class=\"elementor-carousel-image\" role=\"img\" aria-label=\"ifis-iz_religion_finanzen_16.jpg\" style=\"background-image: url(&#039;https:\/\/www.kudem.com\/wp-content\/uploads\/2019\/11\/ifis-iz_religion_finanzen_16-1.jpg&#039;)\">\n\n\t\t\t\n\t\t\t\t\t<\/div>\n\t\t\t\t\t\t\t\t<\/div>\n\t\t\t\t\t\t\t\t\t\t\t<div class=\"swiper-slide\" role=\"group\" aria-roledescription=\"slide\">\n\t\t\t\t\t\t\t\t\t<div class=\"elementor-carousel-image\" role=\"img\" aria-label=\"ifis-iz_religion_finanzen_2.jpg\" style=\"background-image: url(&#039;https:\/\/www.kudem.com\/wp-content\/uploads\/2019\/11\/ifis-iz_religion_finanzen_2.jpg&#039;)\">\n\n\t\t\t\n\t\t\t\t\t<\/div>\n\t\t\t\t\t\t\t\t<\/div>\n\t\t\t\t\t\t\t\t\t\t\t<div class=\"swiper-slide\" role=\"group\" aria-roledescription=\"slide\">\n\t\t\t\t\t\t\t\t\t<div class=\"elementor-carousel-image\" role=\"img\" aria-label=\"ifis-iz_religion_finanzen_1.jpg\" style=\"background-image: url(&#039;https:\/\/www.kudem.com\/wp-content\/uploads\/2019\/11\/ifis-iz_religion_finanzen_1.jpg&#039;)\">\n\n\t\t\t\n\t\t\t\t\t<\/div>\n\t\t\t\t\t\t\t\t<\/div>\n\t\t\t\t\t\t\t\t\t<\/div>\n\t\t\t\t\t\t\t\t\t\t\t\t\t\t\t\t\t\t\t\t\t<\/div>\n\t\t\t\t<\/div>\n\t\t\t\t\t\t\t\t<\/div>\n\t\t\t\t<\/div>\n\t\t\t\t\t<\/div>\n\t\t<\/div>\n\t\t\t\t\t<\/div>\n\t\t<\/section>\n\t\t\t\t<section class=\"elementor-section elementor-top-section elementor-element elementor-element-240d140a elementor-section-boxed elementor-section-height-default elementor-section-height-default\" data-id=\"240d140a\" data-element_type=\"section\" data-e-type=\"section\">\n\t\t\t\t\t\t<div class=\"elementor-container elementor-column-gap-default\">\n\t\t\t\t\t<div class=\"elementor-column elementor-col-100 elementor-top-column elementor-element elementor-element-206f6bb4\" data-id=\"206f6bb4\" data-element_type=\"column\" data-e-type=\"column\">\n\t\t\t<div class=\"elementor-widget-wrap elementor-element-populated\">\n\t\t\t\t\t\t<div class=\"elementor-element elementor-element-3af125c5 elementor-widget elementor-widget-text-editor\" data-id=\"3af125c5\" data-element_type=\"widget\" data-e-type=\"widget\" data-widget_type=\"text-editor.default\">\n\t\t\t\t<div class=\"elementor-widget-container\">\n\t\t\t\t\t\t\t\t\t<p>Den Impulsvortrag zur Veranstaltung hielt Prof. Dr. Mehmet Asutay (Director, Durham Centre for Islamic Economics and Finance, University of Durham). Prof. Dr. Asutay stellte die Kriterien und Eigenschaften des Moral Economy vor. So seien hierbei neben den juristischen und finanztechnischen Komponenten auch die individuellen Werte und Ethik entscheidend, die er als (\u201eeingebettet\u201d) beschrieb. Weitere Beitr\u00e4ge folgten von Dr. Frauke Demuth, die die Ergebnisse ihrer Doktorarbeit \u201eAn Islamic Economy based on Rizq\u201c vorstellte, sowie von Burhanuddin Bin Lukman (Leiter des Takaful-Referats, Malaysia), der die malaysischen Erfahrungen von M&amp;A\u2019s aus islamischer Perspektive durchleuchtete. Interessante Einblicke in das islamische Finanzwesen im globalen Kontext gew\u00e4hrte Prof. Dr. Volker Nienhaus (Rhein-Ruhr Universit\u00e4t Bochum), der in seinen Ausf\u00fchrungen die unterschiedlichen Gesch\u00e4ftsmodelle des konventionellen und ethisch bzw. religi\u00f6s motivierten Bankings verglich. Hierbei hob Prof. Dr. Nienhaus die Konvergenzen zwischen bereits bestehender Finanzmodelle und des islamischen Bankings hervor und empfahl die Erfahrungen sowie die Systematik der religi\u00f6s-ethischen Banken, auf die vorher Dr. Brigitte Bertelmann (stellv. Leiterin a. D., Zentrum Gesellschaftliche Verantwortung der Evangelische Kirche in Hessen und Nassau) in ihrem Vortrag einging. Die juristische Sicht auf die Thematik wurde durch Prof. Dr. Matthias Casper (Universit\u00e4t M\u00fcnster) und Dr. R\u00fcdiger Litten (Fieldfisher Germany LLP) dargestellt; der Beitrag von Dr. Johannes Engels (BaFin, Frankfurt) erm\u00f6glichte indessen eine Betrachtung durch die Brille der Aufsicht. In diesem Kontext ging Dr. Ru\u015fen Ahmet Albayrak (Executive Vice President, Corporate and International Banking, Kuveyt T\u00fcrk Participation Bank) auf das Ecosystem und die Stakeholder des islamischen Bankings ein. Wichtige Impulse in Richtung der islamischen Banken, insbesondere der in Deutschland operierenden Institute, lieferte Ender \u00d6nder (TDU Rheinland-Pfalz). Es m\u00fcsse darum gehen, das Gesch\u00e4ftsmodell sowie die Produkte weiter an die Realit\u00e4ten und Bed\u00fcrfnisse der Unternehmer und Privatpersonen anzupassen.<\/p><p>Abgerundet wurde die Konferenz mit einer von Ali Aslan moderierten Podiumsdiskussion, die mit einer Auswahl der Referenten besetzt war. Das IFIS&amp;IZ plant die Beitr\u00e4ge der Konferenz, die auf Englisch und Deutsch mit jeweiliger Simultan-\u00dcbersetzung stattfanden, durch eine Tagungspublikation der breiten \u00d6ffentlichkeit zug\u00e4nglich zu machen.<\/p>\t\t\t\t\t\t\t\t<\/div>\n\t\t\t\t<\/div>\n\t\t\t\t\t<\/div>\n\t\t<\/div>\n\t\t\t\t\t<\/div>\n\t\t<\/section>\n\t\t\t\t<\/div>\n\t\t","protected":false},"excerpt":{"rendered":"<p>Hochkar\u00e4tige Konferenz von&nbsp;IFIS&amp;IZ \u201eReligion und Finanzen in Deutschland\u201c mit internationalen Experten und Wissenschaftlern Am 04. Mai 2018 veranstaltete das IFIS&amp;IZ eine internationale Konferenz zum Thema \u201eReligion und Finanzen in Deutschland\u201c. Renommierte Wirtschaftsprofessoren und Banker, Rechts- und Ethikexperten sowie Vertreter von Unternehmen und Aufsichtsbeh\u00f6rden kamen zusammen, um die Auswirkung von Glaubenssystemen auf moderne Volkswirtschaften zu diskutierten. [&hellip;]<\/p>\n","protected":false},"author":2,"featured_media":1634,"parent":895,"menu_order":0,"comment_status":"closed","ping_status":"closed","template":"elementor_header_footer","meta":{"footnotes":""},"class_list":["post-1918","page","type-page","status-publish","has-post-thumbnail","hentry"],"_links":{"self":[{"href":"https:\/\/www.kudem.com\/de\/wp-json\/wp\/v2\/pages\/1918","targetHints":{"allow":["GET"]}}],"collection":[{"href":"https:\/\/www.kudem.com\/de\/wp-json\/wp\/v2\/pages"}],"about":[{"href":"https:\/\/www.kudem.com\/de\/wp-json\/wp\/v2\/types\/page"}],"author":[{"embeddable":true,"href":"https:\/\/www.kudem.com\/de\/wp-json\/wp\/v2\/users\/2"}],"replies":[{"embeddable":true,"href":"https:\/\/www.kudem.com\/de\/wp-json\/wp\/v2\/comments?post=1918"}],"version-history":[{"count":0,"href":"https:\/\/www.kudem.com\/de\/wp-json\/wp\/v2\/pages\/1918\/revisions"}],"up":[{"embeddable":true,"href":"https:\/\/www.kudem.com\/de\/wp-json\/wp\/v2\/pages\/895"}],"wp:featuredmedia":[{"embeddable":true,"href":"https:\/\/www.kudem.com\/de\/wp-json\/wp\/v2\/media\/1634"}],"wp:attachment":[{"href":"https:\/\/www.kudem.com\/de\/wp-json\/wp\/v2\/media?parent=1918"}],"curies":[{"name":"wp","href":"https:\/\/api.w.org\/{rel}","templated":true}]}}