{"id":889,"date":"2018-08-20T18:25:05","date_gmt":"2018-08-20T18:25:05","guid":{"rendered":"https:\/\/kudem.apps-1and1.net\/?page_id=889"},"modified":"2020-05-21T14:28:14","modified_gmt":"2020-05-21T12:28:14","slug":"ueber-uns","status":"publish","type":"page","link":"https:\/\/www.kudem.com\/de\/ueber-uns","title":{"rendered":"\u00dcber uns"},"content":{"rendered":"\t\t<div data-elementor-type=\"wp-post\" data-elementor-id=\"889\" class=\"elementor elementor-889\" data-elementor-post-type=\"page\">\n\t\t\t\t\t\t<section class=\"elementor-section elementor-top-section elementor-element elementor-element-2cd36832 elementor-section-height-min-height elementor-section-boxed elementor-section-height-default elementor-section-items-middle\" data-id=\"2cd36832\" data-element_type=\"section\" data-e-type=\"section\" data-settings=\"{&quot;background_background&quot;:&quot;classic&quot;}\">\n\t\t\t\t\t\t\t<div class=\"elementor-background-overlay\"><\/div>\n\t\t\t\t\t\t\t<div class=\"elementor-container elementor-column-gap-narrow\">\n\t\t\t\t\t<div class=\"elementor-column elementor-col-100 elementor-top-column elementor-element elementor-element-5146ba89\" data-id=\"5146ba89\" data-element_type=\"column\" data-e-type=\"column\">\n\t\t\t<div class=\"elementor-widget-wrap elementor-element-populated\">\n\t\t\t\t\t\t<div class=\"elementor-element elementor-element-ff59f70 elementor-widget elementor-widget-heading\" data-id=\"ff59f70\" data-element_type=\"widget\" data-e-type=\"widget\" data-widget_type=\"heading.default\">\n\t\t\t\t<div class=\"elementor-widget-container\">\n\t\t\t\t\t<h1 class=\"elementor-heading-title elementor-size-default\">\u00dcber uns\u200b<\/h1>\t\t\t\t<\/div>\n\t\t\t\t<\/div>\n\t\t\t\t\t<\/div>\n\t\t<\/div>\n\t\t\t\t\t<\/div>\n\t\t<\/section>\n\t\t\t\t<section class=\"elementor-section elementor-top-section elementor-element elementor-element-498b2340 elementor-section-boxed elementor-section-height-default elementor-section-height-default\" data-id=\"498b2340\" data-element_type=\"section\" data-e-type=\"section\">\n\t\t\t\t\t\t<div class=\"elementor-container elementor-column-gap-default\">\n\t\t\t\t\t<div class=\"elementor-column elementor-col-100 elementor-top-column elementor-element elementor-element-7fb2ab5\" data-id=\"7fb2ab5\" data-element_type=\"column\" data-e-type=\"column\">\n\t\t\t<div class=\"elementor-widget-wrap elementor-element-populated\">\n\t\t\t\t\t\t<div class=\"elementor-element elementor-element-6155590 elementor-widget elementor-widget-text-editor\" data-id=\"6155590\" data-element_type=\"widget\" data-e-type=\"widget\" data-widget_type=\"text-editor.default\">\n\t\t\t\t<div class=\"elementor-widget-container\">\n\t\t\t\t\t\t\t\t\t<p>Wir nennen uns Kulturhaus der europ\u00e4ischen Muslime, kurz KUDEM, und kn\u00fcpfen an die wissenschaftsorientierte Arbeit des Instituts f\u00fcr Islamische Studien und Interkulturelle Zusammenarbeit (IFIS&amp;IZ) an.<\/p>\n<p>Miteinander leben statt nebeneinander ist unser Motto. Ohne sich in eine Gesellschaft zu integrieren, kann man keine tats\u00e4chliche Akzeptanz von den Mitmenschen erwarten. Aus diesem Grund wollen wir Wege und M\u00f6glichkeiten erforschen, die Integration zu erleichtern.<\/p>\n<p>Die Sprache der Kunst \u00fcberwindet die Grenzen zwischen den Menschen. Muslime haben sich in Europa sehr von k\u00fcnstlerischen T\u00e4tigkeiten distanziert und ihren Kindern h\u00e4ufig keinen Sinn f\u00fcr die sch\u00f6nen K\u00fcnste vermittelt. Der Islam besteht jedoch nicht nur aus Religionslehre, Regeln und Verboten. Wissenschaft und Kultur, gesteigertes Kunstempfinden und M\u00f6glichkeiten der Selbsterkenntnis haben f\u00fcr ihn essentielle Bedeutung.<\/p>\n<p>Wir vertreten eine mystisch gepr\u00e4gte Weltanschauung des Islam, in deren Vordergrund der Frieden und das harmonische Miteinanderleben steht. Liebe zur Menschheit und der Wunsch, ihr von Nutzen zu sein, z\u00e4hlen f\u00fcr uns zu den unerl\u00e4sslichen Werten islamischer Mystik.<\/p>\n<p>Unser Ausgangspunkt ist der mystische Sufismus, wie er von Lehrern wie Yunus Emre und Mawlana Jalaludin Rumi gepr\u00e4gt und vorgelebt worden ist. Das Miteinander ist f\u00fcr jedes Verst\u00e4ndnis zwischen den Kulturen und somit f\u00fcr jede Form der V\u00f6lkerverst\u00e4ndigung grundlegend.<\/p>\n<p>Wir wollen es dadurch f\u00f6rdern, in dem wir die K\u00fcnste sprechen lassen.<\/p>\t\t\t\t\t\t\t\t<\/div>\n\t\t\t\t<\/div>\n\t\t\t\t\t<\/div>\n\t\t<\/div>\n\t\t\t\t\t<\/div>\n\t\t<\/section>\n\t\t\t\t<\/div>\n\t\t","protected":false},"excerpt":{"rendered":"<p>\u00dcber uns\u200b Wir nennen uns Kulturhaus der europ\u00e4ischen Muslime, kurz KUDEM, und kn\u00fcpfen an die wissenschaftsorientierte Arbeit des Instituts f\u00fcr Islamische Studien und Interkulturelle Zusammenarbeit (IFIS&amp;IZ) an. Miteinander leben statt nebeneinander ist unser Motto. Ohne sich in eine Gesellschaft zu integrieren, kann man keine tats\u00e4chliche Akzeptanz von den Mitmenschen erwarten. Aus diesem Grund wollen wir [&hellip;]<\/p>\n","protected":false},"author":2,"featured_media":1312,"parent":0,"menu_order":0,"comment_status":"closed","ping_status":"closed","template":"elementor_header_footer","meta":{"footnotes":""},"class_list":["post-889","page","type-page","status-publish","has-post-thumbnail","hentry"],"_links":{"self":[{"href":"https:\/\/www.kudem.com\/de\/wp-json\/wp\/v2\/pages\/889","targetHints":{"allow":["GET"]}}],"collection":[{"href":"https:\/\/www.kudem.com\/de\/wp-json\/wp\/v2\/pages"}],"about":[{"href":"https:\/\/www.kudem.com\/de\/wp-json\/wp\/v2\/types\/page"}],"author":[{"embeddable":true,"href":"https:\/\/www.kudem.com\/de\/wp-json\/wp\/v2\/users\/2"}],"replies":[{"embeddable":true,"href":"https:\/\/www.kudem.com\/de\/wp-json\/wp\/v2\/comments?post=889"}],"version-history":[{"count":0,"href":"https:\/\/www.kudem.com\/de\/wp-json\/wp\/v2\/pages\/889\/revisions"}],"wp:featuredmedia":[{"embeddable":true,"href":"https:\/\/www.kudem.com\/de\/wp-json\/wp\/v2\/media\/1312"}],"wp:attachment":[{"href":"https:\/\/www.kudem.com\/de\/wp-json\/wp\/v2\/media?parent=889"}],"curies":[{"name":"wp","href":"https:\/\/api.w.org\/{rel}","templated":true}]}}