{"id":4392,"date":"2020-05-02T10:05:43","date_gmt":"2020-05-02T08:05:43","guid":{"rendered":"https:\/\/kudem.apps-1and1.net\/prof-dr-huseyin-ilker-cinar"},"modified":"2021-11-09T14:43:19","modified_gmt":"2021-11-09T13:43:19","slug":"prof-dr-huseyin-ilker-cinar","status":"publish","type":"page","link":"https:\/\/www.kudem.com\/en\/prof-dr-huseyin-ilker-cinar","title":{"rendered":"Prof. Dr. H\u00fcseyin \u0130lker \u00c7\u0131nar\u200b"},"content":{"rendered":"\t\t<div data-elementor-type=\"wp-page\" data-elementor-id=\"4392\" class=\"elementor elementor-4392 elementor-4383\" data-elementor-post-type=\"page\">\n\t\t\t\t\t\t<section class=\"elementor-section elementor-top-section elementor-element elementor-element-208ab80b elementor-section-height-min-height elementor-section-boxed elementor-section-height-default elementor-section-items-middle\" data-id=\"208ab80b\" data-element_type=\"section\" data-e-type=\"section\" data-settings=\"{&quot;background_background&quot;:&quot;classic&quot;}\">\n\t\t\t\t\t\t\t<div class=\"elementor-background-overlay\"><\/div>\n\t\t\t\t\t\t\t<div class=\"elementor-container elementor-column-gap-default\">\n\t\t\t\t\t<div class=\"elementor-column elementor-col-100 elementor-top-column elementor-element elementor-element-7ae0eff9\" data-id=\"7ae0eff9\" data-element_type=\"column\" data-e-type=\"column\">\n\t\t\t<div class=\"elementor-widget-wrap elementor-element-populated\">\n\t\t\t\t\t\t<div class=\"elementor-element elementor-element-907a4f3 elementor-widget elementor-widget-image\" data-id=\"907a4f3\" data-element_type=\"widget\" data-e-type=\"widget\" data-widget_type=\"image.default\">\n\t\t\t\t<div class=\"elementor-widget-container\">\n\t\t\t\t\t\t\t\t\t\t\t\t\t\t\t<img fetchpriority=\"high\" decoding=\"async\" width=\"960\" height=\"640\" src=\"https:\/\/www.kudem.com\/wp-content\/uploads\/2018\/07\/KUDEM_PROF_DR_H\u00dcSEYIN_ILKER_CINAR.jpg\" class=\"attachment-full size-full wp-image-532\" alt=\"\" srcset=\"https:\/\/www.kudem.com\/wp-content\/uploads\/2018\/07\/KUDEM_PROF_DR_H\u00dcSEYIN_ILKER_CINAR.jpg 960w, https:\/\/www.kudem.com\/wp-content\/uploads\/2018\/07\/KUDEM_PROF_DR_H\u00dcSEYIN_ILKER_CINAR-800x533.jpg 800w, https:\/\/www.kudem.com\/wp-content\/uploads\/2018\/07\/KUDEM_PROF_DR_H\u00dcSEYIN_ILKER_CINAR-150x100.jpg 150w, https:\/\/www.kudem.com\/wp-content\/uploads\/2018\/07\/KUDEM_PROF_DR_H\u00dcSEYIN_ILKER_CINAR-300x200.jpg 300w, https:\/\/www.kudem.com\/wp-content\/uploads\/2018\/07\/KUDEM_PROF_DR_H\u00dcSEYIN_ILKER_CINAR-768x512.jpg 768w\" sizes=\"(max-width: 960px) 100vw, 960px\" \/>\t\t\t\t\t\t\t\t\t\t\t\t\t\t\t<\/div>\n\t\t\t\t<\/div>\n\t\t\t\t<div class=\"elementor-element elementor-element-b24d9b elementor-widget elementor-widget-heading\" data-id=\"b24d9b\" data-element_type=\"widget\" data-e-type=\"widget\" data-widget_type=\"heading.default\">\n\t\t\t\t<div class=\"elementor-widget-container\">\n\t\t\t\t\t<h1 class=\"elementor-heading-title elementor-size-default\">Prof. Dr.<br> H\u00fcseyin \u0130lker \u00c7\u0131nar<\/h1>\t\t\t\t<\/div>\n\t\t\t\t<\/div>\n\t\t\t\t\t<\/div>\n\t\t<\/div>\n\t\t\t\t\t<\/div>\n\t\t<\/section>\n\t\t\t\t<section class=\"elementor-section elementor-top-section elementor-element elementor-element-22dba3cf elementor-section-boxed elementor-section-height-default elementor-section-height-default\" data-id=\"22dba3cf\" data-element_type=\"section\" data-e-type=\"section\">\n\t\t\t\t\t\t<div class=\"elementor-container elementor-column-gap-default\">\n\t\t\t\t\t<div class=\"elementor-column elementor-col-100 elementor-top-column elementor-element elementor-element-52a75499\" data-id=\"52a75499\" data-element_type=\"column\" data-e-type=\"column\">\n\t\t\t<div class=\"elementor-widget-wrap elementor-element-populated\">\n\t\t\t\t\t\t<div class=\"elementor-element elementor-element-2947d951 elementor-widget elementor-widget-text-editor\" data-id=\"2947d951\" data-element_type=\"widget\" data-e-type=\"widget\" data-widget_type=\"text-editor.default\">\n\t\t\t\t<div class=\"elementor-widget-container\">\n\t\t\t\t\t\t\t\t\t<p>Prof. Dr. H\u00fcseyin \u0130lker \u00c7\u0131nar, (1970, Yozgat, Turkey) is a German-Turkish theologian and Islamic scholar. He is a Professor of Islamic Theology and the Founding Director of the Institute for Islamic Studies and Intercultural Cooperation (IFIS&amp;IZ) in Mannheim, Germany.<\/p>\n<p>Professor H\u00fcseyin \u0130lker \u00c7\u0131nar studied Islamic Theology at the Marmara University in Istanbul from 1987 to 1993. This was followed by a six-month study visit to Damascus to deepen his Arabic language skills. An 18-month intensive German course followed at the Ludwig-Maximilian-University in Munich. He then completed his Master\u2019s degree in Oriental Studies\/Islamic Studies and Educational Science at the Ruprecht-Karls-University in Heidelberg between 1996 and 2000, which he completed with a Master\u2019s thesis titled: \u201cOn the Development of Fiqh-Science (Jurisprudence) up to the Beginning of the III. Reich\u201d. H.\/IX. century\u201d. Professor H\u00fcseyin \u0130lker \u00c7\u0131nar received his doctorate from the University of Heidelberg in 2002 with his dissertation: \u201cThe Islamic Traditional Literature on the Legal Situation in Early Islam under Consideration of Ancient Arabia\u201d. His dissertation was supervised by Prof. Dr. Dr. Raif Georges Khoury.<\/p>\n<p>Several research trips to the Orient followed for further studies and research. In 2004 and 2005 Professor H\u00fcseyin \u0130lker \u00c7\u0131nar took over several teaching positions at the Johann Wolfgang Goethe University in Frankfurt. In the following years he wrote numerous scientific articles and monographs. In 2010 Professor H\u00fcseyin \u0130lker \u00c7\u0131nar habilitated cumulatively at the Faculty of Theology of Marmara University in Istanbul in the department for Tafs\u012br (Koran exegesis).<\/p>\n<p>In 2011 Professor H\u00fcseyin \u0130lker \u00c7\u0131nar founded the Institute of Islamic Studies and Intercultural Cooperation (IFIS&amp;IZ), a civil research institute with a focus on Islamic theology and sciences, of which he is still the founding director. IFIS&amp;IZ sees itself as a complementary supporting institution to the university locations. Professor H\u00fcseyin \u0130lker \u00c7\u0131nar has built up the academic library on Islamic Theology with over 70,000 books in five languages (Arabic, Turkish, German, English and French). The IFIS&amp;IZ library is considered the largest of its kind in Europe.<\/p>\n<p>In 2011, Professor H\u00fcseyin \u0130lker \u00c7\u0131nar was given a position as assistant professor at the University of Osnabr\u00fcck and the same year he was appointed as a full professor (W3) and chair of Tafs\u012br (Koran exegesis) at the same university. He held this position at the university until 2017. During this time Professor H\u00fcseyin \u0130lker \u00c7\u0131nar published a comprehensive book (of 601 pages) on Quranic science and exegesis, which -for the first time in the German speaking world- contains a scientific and comprehensive study of the fundamental sciences of Quranic exegesis from an academic-theological perspective.<br \/>\nThe scientific focus is far-reaching and includes various disciplines of Islamic theology. Professor H\u00fcseyin \u0130lker \u00c7\u0131nar is primarily concerned with topics such as classical and modern Quranic exegesis (tafs\u012br), genesis, reception and hermeneutics of the Quran, Quranic sciences (\u02bful\u016bm al-Qur\u02be\u0101n) and methodology of Quranic interpretation (u\u1e63\u016bl at-tafs\u012br). Further focal points of his academic work and publications are Islamic Law (fiqh) in the past and the present, its sources and methodology (u\u1e63\u016bl al-fiqh) as well as Islamic mysticism (ta\u1e63awwuf), ethics (a\u1e2bl\u0101q) and Had\u012b\u1e6f sciences.<\/p>\n<p>In 2016 Professor H\u00fcseyin \u0130lker \u00c7\u0131nar launched the al-Ghazzali Academy under the umbrella of IFIS&amp;IZ, which offers a four-year study of the classical madrasa with an academic perspective in a European context. The curriculum of the IFIS&amp;IZ al-Ghazzali Academy was preceded by intensive preparations with experts from German and Turkish universities. In the same year Professor H\u00fcseyin \u0130lker \u00c7\u0131nar founded the Institute\u2019s own publishing house, IFIS&amp;IZ Publications, which publishes academic writings in the field of Islamic Theology and Islamic Studies.<br \/>\nAt IFIS&amp;IZ, Prof. Dr. H\u00fcseyin \u0130lker \u00c7\u0131nar organizes scientific conferences and symposia on important issues in society, including<\/p>\n<ul>\n<li>\u201cSpirituality in Religion and Culture\u201d (2011)<\/li>\n<li>\u00a0\u201cIslamic Life in Europe \u2013 Man and Architecture\u201d (2014)<\/li>\n<li>\u201cSalafism in Germany \u2013 Background, Effects and Prevention\u201d (2016)<\/li>\n<li>\u201cReligion and Finance \u2013 The role of belief systems in modern economies\u201d (2018)<\/li>\n<\/ul>\n<p>In addition to his academic qualifications, Professor H\u00fcseyin \u0130lker \u00c7\u0131nar also has a traditional teaching license (i\u01e7\u0101za) for classical Arabic madrasa studies.<\/p>\n<p>Professor H\u00fcseyin \u0130lker \u00c7\u0131nar attaches particular importance to science, art, culture and music. In 2003 he initiated and founded KUDEM \u2013 Cultural House of European Muslims in Mannheim, Germany. KUDEM promotes projects and activities in the fields of science, art, culture and music. Under the guidance of Professor H\u00fcseyin \u0130lker \u00c7\u0131nar, courses for calligraphy and marbling paint were opened, and a choire (classical Turkish Sufi music) was established, which have continued to exist since the foundation of KUDEM. Since 2003 Professor H\u00fcseyin \u0130lker \u00c7\u0131nar has been giving lectures on mysticism and spirituality in Islam in the tradition of the Sufi Master Im\u0101m Naq\u0161band (born 791\/1389). Elementary concepts about Islamic mysticism and spirituality, such as love of God, sincerity, righteousness, fear of God, decency, servanthood, God\u2019s unity, service to creation and social commitment are explained comprehensively. It is explained in a classical-traditional way and the inseparability of the connections between sincerity, righteousness, knowledge and wisdom, and their meanings are elaborated.<\/p>\n<p>In 2019 Professor \u00c7\u0131nar announced that KUDEM is in the process of establishing a children\u2019s library in five languages with a target stock of over 50,000 books<\/p>\n\t\t\t\t\t\t\t\t<\/div>\n\t\t\t\t<\/div>\n\t\t\t\t\t<\/div>\n\t\t<\/div>\n\t\t\t\t\t<\/div>\n\t\t<\/section>\n\t\t\t\t<\/div>\n\t\t","protected":false},"excerpt":{"rendered":"<p>Prof. Dr. H\u00fcseyin \u0130lker \u00c7\u0131nar Prof. Dr. H\u00fcseyin \u0130lker \u00c7\u0131nar, (1970, Yozgat, Turkey) is a German-Turkish theologian and Islamic scholar. He is a Professor of Islamic Theology and the Founding Director of the Institute for Islamic Studies and Intercultural Cooperation (IFIS&amp;IZ) in Mannheim, Germany. Professor H\u00fcseyin \u0130lker \u00c7\u0131nar studied Islamic Theology at the Marmara University [&hellip;]<\/p>\n","protected":false},"author":2,"featured_media":532,"parent":0,"menu_order":0,"comment_status":"closed","ping_status":"closed","template":"elementor_header_footer","meta":{"footnotes":""},"class_list":["post-4392","page","type-page","status-publish","has-post-thumbnail","hentry"],"_links":{"self":[{"href":"https:\/\/www.kudem.com\/en\/wp-json\/wp\/v2\/pages\/4392","targetHints":{"allow":["GET"]}}],"collection":[{"href":"https:\/\/www.kudem.com\/en\/wp-json\/wp\/v2\/pages"}],"about":[{"href":"https:\/\/www.kudem.com\/en\/wp-json\/wp\/v2\/types\/page"}],"author":[{"embeddable":true,"href":"https:\/\/www.kudem.com\/en\/wp-json\/wp\/v2\/users\/2"}],"replies":[{"embeddable":true,"href":"https:\/\/www.kudem.com\/en\/wp-json\/wp\/v2\/comments?post=4392"}],"version-history":[{"count":0,"href":"https:\/\/www.kudem.com\/en\/wp-json\/wp\/v2\/pages\/4392\/revisions"}],"wp:featuredmedia":[{"embeddable":true,"href":"https:\/\/www.kudem.com\/en\/wp-json\/wp\/v2\/media\/532"}],"wp:attachment":[{"href":"https:\/\/www.kudem.com\/en\/wp-json\/wp\/v2\/media?parent=4392"}],"curies":[{"name":"wp","href":"https:\/\/api.w.org\/{rel}","templated":true}]}}