{"id":4619,"date":"2020-05-17T15:22:02","date_gmt":"2020-05-17T13:22:02","guid":{"rendered":"https:\/\/kudem.apps-1and1.net\/kunstausstellung-mit-workshop-rahmenprogramm"},"modified":"2020-05-20T12:24:52","modified_gmt":"2020-05-20T10:24:52","slug":"kunstausstellung-mit-workshop-rahmenprogramm","status":"publish","type":"page","link":"https:\/\/www.kudem.com\/en\/kunstausstellung-mit-workshop-rahmenprogramm","title":{"rendered":"Kunstausstellung mit Workshop-Rahmenprogramm"},"content":{"rendered":"\t\t<div data-elementor-type=\"wp-page\" data-elementor-id=\"4619\" class=\"elementor elementor-4619 elementor-4536\" data-elementor-post-type=\"page\">\n\t\t\t\t\t\t<section class=\"elementor-section elementor-top-section elementor-element elementor-element-2b9f3761 elementor-section-height-min-height elementor-section-boxed elementor-section-height-default elementor-section-items-middle\" data-id=\"2b9f3761\" data-element_type=\"section\" data-e-type=\"section\" data-settings=\"{&quot;background_background&quot;:&quot;classic&quot;}\">\n\t\t\t\t\t\t\t<div class=\"elementor-background-overlay\"><\/div>\n\t\t\t\t\t\t\t<div class=\"elementor-container elementor-column-gap-default\">\n\t\t\t\t\t<div class=\"elementor-column elementor-col-100 elementor-top-column elementor-element elementor-element-25f886cc\" data-id=\"25f886cc\" data-element_type=\"column\" data-e-type=\"column\">\n\t\t\t<div class=\"elementor-widget-wrap elementor-element-populated\">\n\t\t\t\t\t\t<div class=\"elementor-element elementor-element-2e120a69 elementor-widget elementor-widget-heading\" data-id=\"2e120a69\" data-element_type=\"widget\" data-e-type=\"widget\" data-widget_type=\"heading.default\">\n\t\t\t\t<div class=\"elementor-widget-container\">\n\t\t\t\t\t<h1 class=\"elementor-heading-title elementor-size-default\">Kunstausstellung mit Workshop<\/h1>\t\t\t\t<\/div>\n\t\t\t\t<\/div>\n\t\t\t\t\t<\/div>\n\t\t<\/div>\n\t\t\t\t\t<\/div>\n\t\t<\/section>\n\t\t\t\t<section class=\"elementor-section elementor-top-section elementor-element elementor-element-37e06d39 elementor-section-boxed elementor-section-height-default elementor-section-height-default\" data-id=\"37e06d39\" data-element_type=\"section\" data-e-type=\"section\">\n\t\t\t\t\t\t<div class=\"elementor-container elementor-column-gap-default\">\n\t\t\t\t\t<div class=\"elementor-column elementor-col-100 elementor-top-column elementor-element elementor-element-10dc5d4c\" data-id=\"10dc5d4c\" data-element_type=\"column\" data-e-type=\"column\">\n\t\t\t<div class=\"elementor-widget-wrap elementor-element-populated\">\n\t\t\t\t\t\t<div class=\"elementor-element elementor-element-90f1e5c elementor-widget elementor-widget-text-editor\" data-id=\"90f1e5c\" data-element_type=\"widget\" data-e-type=\"widget\" data-widget_type=\"text-editor.default\">\n\t\t\t\t<div class=\"elementor-widget-container\">\n\t\t\t\t\t\t\t\t\t<p>Am 09. und 10. Juni 2013 stellte das KUDEM in offenem und freundlichem Ambiente Werke der Istanbuler K\u00fcnstlerinnen&nbsp;<em>Meltem Cant\u00fcrk<\/em>,&nbsp;<em>Meral Cant\u00fcrk<\/em>, des Freiburger K\u00fcnstlers&nbsp;<em>Abdurrahman Vakkas Imamo\u011flu&nbsp;<\/em>sowie die&nbsp;<em>hauseigene Kollektion&nbsp;<\/em>verschiedener K\u00fcnstler aus. Die \u00f6ffentlich zug\u00e4ngliche Ausstellung gab mit \u00fcber einhundert wertvollen Kunstwerken aus den Bereichen der&nbsp;<em>arabischen Kalligraphie (Hat), Ornamentik (Teshib), Ebru (Wassermalerei)<\/em>&nbsp;und&nbsp;<em>Miniaturmalerei (Minyat\u00fcr)<\/em>, begleitet von leichten Sufi \u2013 Kl\u00e4ngen, einen wunderbaren Einblick in die Feinheit und \u00c4sthetik der kulturellen und k\u00fcnstlerischen Sch\u00e4tze des Islams.<\/p>\n<p><img fetchpriority=\"high\" decoding=\"async\" class=\"wp-image-3569\" src=\"https:\/\/kudem.com\/wp-content\/uploads\/2020\/01\/KUDEM-Kunstaustellung-2013-mit-Workshop.jpeg\" alt=\"KUDEM - Kunstausstellung\" width=\"700\" height=\"400\"><\/p>\n<p><span style=\"font-size: 1em;\">Im Rahmenprogramm konnten sich die Besucher in Workshops, die von den anwesenden K\u00fcnstlerInnen geleitet wurden, selber in den verschiedenen Kunstrichtungen ausprobieren und so die Geduld, Sorgf\u00e4ltigkeit und Liebe die sie erfordern selber erfahren.<\/span><\/p>\n<p>Von den pr\u00e4sentierten Disziplinen der islamischen K\u00fcnste sind die&nbsp;arabische Kalligraphie<em>, Ebru&nbsp;<\/em>und&nbsp;<em>Ney<\/em>&nbsp;bis heute Teil des Kursprogramms im KUDEM, welches sich als eine wichtige S\u00e4ule seiner T\u00e4tigkeit intensiv mit der F\u00f6rderung von Kunst, Kultur und Bildung befasst. Diese Kunstausstellung war f\u00fcr das KUDEM der Auftakt f\u00fcr viele weitere Veranstaltungen und Darbietungen im k\u00fcnstlerischen und musikalischen Bereich.<\/p>\n\t\t\t\t\t\t\t\t<\/div>\n\t\t\t\t<\/div>\n\t\t\t\t\t<\/div>\n\t\t<\/div>\n\t\t\t\t\t<\/div>\n\t\t<\/section>\n\t\t\t\t<\/div>\n\t\t","protected":false},"excerpt":{"rendered":"<p>Kunstausstellung mit Workshop Am 09. und 10. Juni 2013 stellte das KUDEM in offenem und freundlichem Ambiente Werke der Istanbuler K\u00fcnstlerinnen&nbsp;Meltem Cant\u00fcrk,&nbsp;Meral Cant\u00fcrk, des Freiburger K\u00fcnstlers&nbsp;Abdurrahman Vakkas Imamo\u011flu&nbsp;sowie die&nbsp;hauseigene Kollektion&nbsp;verschiedener K\u00fcnstler aus. Die \u00f6ffentlich zug\u00e4ngliche Ausstellung gab mit \u00fcber einhundert wertvollen Kunstwerken aus den Bereichen der&nbsp;arabischen Kalligraphie (Hat), Ornamentik (Teshib), Ebru (Wassermalerei)&nbsp;und&nbsp;Miniaturmalerei (Minyat\u00fcr), begleitet von [&hellip;]<\/p>\n","protected":false},"author":2,"featured_media":3570,"parent":0,"menu_order":0,"comment_status":"closed","ping_status":"closed","template":"elementor_header_footer","meta":{"footnotes":""},"class_list":["post-4619","page","type-page","status-publish","has-post-thumbnail","hentry"],"_links":{"self":[{"href":"https:\/\/www.kudem.com\/en\/wp-json\/wp\/v2\/pages\/4619","targetHints":{"allow":["GET"]}}],"collection":[{"href":"https:\/\/www.kudem.com\/en\/wp-json\/wp\/v2\/pages"}],"about":[{"href":"https:\/\/www.kudem.com\/en\/wp-json\/wp\/v2\/types\/page"}],"author":[{"embeddable":true,"href":"https:\/\/www.kudem.com\/en\/wp-json\/wp\/v2\/users\/2"}],"replies":[{"embeddable":true,"href":"https:\/\/www.kudem.com\/en\/wp-json\/wp\/v2\/comments?post=4619"}],"version-history":[{"count":0,"href":"https:\/\/www.kudem.com\/en\/wp-json\/wp\/v2\/pages\/4619\/revisions"}],"wp:featuredmedia":[{"embeddable":true,"href":"https:\/\/www.kudem.com\/en\/wp-json\/wp\/v2\/media\/3570"}],"wp:attachment":[{"href":"https:\/\/www.kudem.com\/en\/wp-json\/wp\/v2\/media?parent=4619"}],"curies":[{"name":"wp","href":"https:\/\/api.w.org\/{rel}","templated":true}]}}