{"id":3829,"date":"2020-01-18T20:28:43","date_gmt":"2020-01-18T19:28:43","guid":{"rendered":"https:\/\/kudem.apps-1and1.net\/goenuel-sohbetleri"},"modified":"2022-06-08T22:43:41","modified_gmt":"2022-06-08T20:43:41","slug":"goenuel-sohbetleri","status":"publish","type":"page","link":"https:\/\/www.kudem.com\/tr\/goenuel-sohbetleri","title":{"rendered":"G\u00f6n\u00fcl Sohbetleri"},"content":{"rendered":"\t\t<div data-elementor-type=\"wp-page\" data-elementor-id=\"3829\" class=\"elementor elementor-3829 elementor-3464\" data-elementor-post-type=\"page\">\n\t\t\t\t\t\t<section class=\"elementor-section elementor-top-section elementor-element elementor-element-4c9fe75c elementor-section-height-min-height elementor-section-boxed elementor-section-height-default elementor-section-items-middle\" data-id=\"4c9fe75c\" data-element_type=\"section\" data-e-type=\"section\" data-settings=\"{&quot;background_background&quot;:&quot;classic&quot;}\">\n\t\t\t\t\t\t\t<div class=\"elementor-background-overlay\"><\/div>\n\t\t\t\t\t\t\t<div class=\"elementor-container elementor-column-gap-narrow\">\n\t\t\t\t\t<div class=\"elementor-column elementor-col-100 elementor-top-column elementor-element elementor-element-30d83e9b\" data-id=\"30d83e9b\" data-element_type=\"column\" data-e-type=\"column\">\n\t\t\t<div class=\"elementor-widget-wrap elementor-element-populated\">\n\t\t\t\t\t\t<div class=\"elementor-element elementor-element-6c1c5b0a elementor-widget elementor-widget-heading\" data-id=\"6c1c5b0a\" data-element_type=\"widget\" data-e-type=\"widget\" data-widget_type=\"heading.default\">\n\t\t\t\t<div class=\"elementor-widget-container\">\n\t\t\t\t\t<h1 class=\"elementor-heading-title elementor-size-default\"> Prof. Dr. H\u00fcseyin \u0130lker \u00c7\u0131nar Hocaefendi, KUDEM\u2019de Her Hafta M\u00fbtad Olarak Ger\u00e7ekle\u015fen \u201cG\u00f6n\u00fcl Sohbetleri\u201d ile G\u00f6n\u00fcl D\u00fcnyam\u0131za I\u015f\u0131k Tutmaya Devam Ediyor  <\/h1>\t\t\t\t<\/div>\n\t\t\t\t<\/div>\n\t\t\t\t\t<\/div>\n\t\t<\/div>\n\t\t\t\t\t<\/div>\n\t\t<\/section>\n\t\t\t\t<section class=\"elementor-section elementor-top-section elementor-element elementor-element-128e5d56 elementor-section-boxed elementor-section-height-default elementor-section-height-default\" data-id=\"128e5d56\" data-element_type=\"section\" data-e-type=\"section\">\n\t\t\t\t\t\t<div class=\"elementor-container elementor-column-gap-default\">\n\t\t\t\t\t<div class=\"elementor-column elementor-col-100 elementor-top-column elementor-element elementor-element-1cc05e7e\" data-id=\"1cc05e7e\" data-element_type=\"column\" data-e-type=\"column\">\n\t\t\t<div class=\"elementor-widget-wrap elementor-element-populated\">\n\t\t\t\t\t\t<section class=\"elementor-section elementor-inner-section elementor-element elementor-element-3e32d04d elementor-section-boxed elementor-section-height-default elementor-section-height-default\" data-id=\"3e32d04d\" data-element_type=\"section\" data-e-type=\"section\">\n\t\t\t\t\t\t<div class=\"elementor-container elementor-column-gap-default\">\n\t\t\t\t\t<div class=\"elementor-column elementor-col-100 elementor-inner-column elementor-element elementor-element-d1b5577\" data-id=\"d1b5577\" data-element_type=\"column\" data-e-type=\"column\">\n\t\t\t<div class=\"elementor-widget-wrap elementor-element-populated\">\n\t\t\t\t\t\t<div class=\"elementor-element elementor-element-8c47165 elementor-widget elementor-widget-image\" data-id=\"8c47165\" data-element_type=\"widget\" data-e-type=\"widget\" data-widget_type=\"image.default\">\n\t\t\t\t<div class=\"elementor-widget-container\">\n\t\t\t\t\t\t\t\t\t\t\t\t\t\t\t<img fetchpriority=\"high\" decoding=\"async\" width=\"800\" height=\"470\" src=\"https:\/\/www.kudem.com\/wp-content\/uploads\/2020\/01\/Prof.-Dr.-Hu\u0308seyin-Ilker-C\u0327inar-1024x602.jpg\" class=\"attachment-large size-large wp-image-3463\" alt=\"\" srcset=\"https:\/\/www.kudem.com\/wp-content\/uploads\/2020\/01\/Prof.-Dr.-Hu\u0308seyin-Ilker-C\u0327inar-1024x602.jpg 1024w, https:\/\/www.kudem.com\/wp-content\/uploads\/2020\/01\/Prof.-Dr.-Hu\u0308seyin-Ilker-C\u0327inar-300x176.jpg 300w, https:\/\/www.kudem.com\/wp-content\/uploads\/2020\/01\/Prof.-Dr.-Hu\u0308seyin-Ilker-C\u0327inar-150x88.jpg 150w, https:\/\/www.kudem.com\/wp-content\/uploads\/2020\/01\/Prof.-Dr.-Hu\u0308seyin-Ilker-C\u0327inar-768x452.jpg 768w, https:\/\/www.kudem.com\/wp-content\/uploads\/2020\/01\/Prof.-Dr.-Hu\u0308seyin-Ilker-C\u0327inar-1536x903.jpg 1536w, https:\/\/www.kudem.com\/wp-content\/uploads\/2020\/01\/Prof.-Dr.-Hu\u0308seyin-Ilker-C\u0327inar.jpg 2048w\" sizes=\"(max-width: 800px) 100vw, 800px\" \/>\t\t\t\t\t\t\t\t\t\t\t\t\t\t\t<\/div>\n\t\t\t\t<\/div>\n\t\t\t\t\t<\/div>\n\t\t<\/div>\n\t\t\t\t\t<\/div>\n\t\t<\/section>\n\t\t\t\t<div class=\"elementor-element elementor-element-346939d elementor-widget elementor-widget-text-editor\" data-id=\"346939d\" data-element_type=\"widget\" data-e-type=\"widget\" data-widget_type=\"text-editor.default\">\n\t\t\t\t<div class=\"elementor-widget-container\">\n\t\t\t\t\t\t\t\t\tProf. Dr. H\u00fcseyin \u0130lker \u00c7\u0131nar Hocaefendi, 19 y\u0131ld\u0131r verdi\u011fi \u201cG\u00f6n\u00fcl Sohbetleri\u201d ile m\u00e2n\u00e2 ve g\u00f6n\u00fcl d\u00fcnyam\u0131za \u0131\u015f\u0131k tutmaya devam ediyor.\t\t\t\t\t\t\t\t<\/div>\n\t\t\t\t<\/div>\n\t\t\t\t<div class=\"elementor-element elementor-element-99b09cf elementor-blockquote--skin-boxed elementor-blockquote--align-left elementor-blockquote--button-skin-bubble elementor-blockquote--button-view-icon-text elementor-widget elementor-widget-blockquote\" data-id=\"99b09cf\" data-element_type=\"widget\" data-e-type=\"widget\" data-widget_type=\"blockquote.default\">\n\t\t\t\t<div class=\"elementor-widget-container\">\n\t\t\t\t\t\t\t<blockquote class=\"elementor-blockquote\">\n\t\t\t<p class=\"elementor-blockquote__content\">\n\t\t\t\tDin nas\u00eehattir\t\t\t<\/p>\n\t\t\t\t\t\t\t<div class=\"e-q-footer\">\n\t\t\t\t\t\t\t\t\t\t\t<cite class=\"elementor-blockquote__author\">Prophet Mu\u1e25ammad (s.a.w.)<\/cite>\n\t\t\t\t\t\t\t\t\t\t\t\t\t\t\t\t<a href=\"https:\/\/twitter.com\/intent\/tweet?text=Din+nas%C3%AEhattir+%E2%80%94+Prophet+Mu%E1%B8%A5ammad+%28s.a.w.%29&amp;url=https%3A%2F%2Fwww.kudem.com%2Ftr%2Ftr%2Fgoenuel-sohbetleri&amp;via=ifisiz1\" class=\"elementor-blockquote__tweet-button\" target=\"_blank\">\n\t\t\t\t\t\t\t\t\t\t\t\t\t\t\t<svg aria-hidden=\"true\" class=\"e-font-icon-svg e-fab-twitter\" viewBox=\"0 0 512 512\" xmlns=\"http:\/\/www.w3.org\/2000\/svg\"><path d=\"M459.37 151.716c.325 4.548.325 9.097.325 13.645 0 138.72-105.583 298.558-298.558 298.558-59.452 0-114.68-17.219-161.137-47.106 8.447.974 16.568 1.299 25.34 1.299 49.055 0 94.213-16.568 130.274-44.832-46.132-.975-84.792-31.188-98.112-72.772 6.498.974 12.995 1.624 19.818 1.624 9.421 0 18.843-1.3 27.614-3.573-48.081-9.747-84.143-51.98-84.143-102.985v-1.299c13.969 7.797 30.214 12.67 47.431 13.319-28.264-18.843-46.781-51.005-46.781-87.391 0-19.492 5.197-37.36 14.294-52.954 51.655 63.675 129.3 105.258 216.365 109.807-1.624-7.797-2.599-15.918-2.599-24.04 0-57.828 46.782-104.934 104.934-104.934 30.213 0 57.502 12.67 76.67 33.137 23.715-4.548 46.456-13.32 66.599-25.34-7.798 24.366-24.366 44.833-46.132 57.827 21.117-2.273 41.584-8.122 60.426-16.243-14.292 20.791-32.161 39.308-52.628 54.253z\"><\/path><\/svg>\t\t\t\t\t\t\t\t\t\t\t\t\t\t\t\t\t\t\t\t\t\t\t\t\t\t\t\t\t\t<span class=\"elementor-blockquote__tweet-label\">Tweet<\/span>\n\t\t\t\t\t\t\t\t\t\t\t\t\t<\/a>\n\t\t\t\t\t\t\t\t\t<\/div>\n\t\t\t\t\t<\/blockquote>\n\t\t\t\t\t\t<\/div>\n\t\t\t\t<\/div>\n\t\t\t\t<div class=\"elementor-element elementor-element-5b55b39 elementor-widget elementor-widget-text-editor\" data-id=\"5b55b39\" data-element_type=\"widget\" data-e-type=\"widget\" data-widget_type=\"text-editor.default\">\n\t\t\t\t<div class=\"elementor-widget-container\">\n\t\t\t\t\t\t\t\t\tHab\u00eeb-i Kibriy\u00e2 Efendimiz\u2019in (aleyhissalatu vesselam) \u201cDin nas\u00eehattir\u201d buyruklar\u0131n\u0131n \u015eah-\u0131 Nak\u015fibend hazretleri (k.s.) taraf\u0131ndan adeta bir terenn\u00fcm\u00fc olan \u201cBizim yolumuz sohbet yoludur\u201d s\u00f6zlerine binaen, yakla\u015f\u0131k 19 y\u0131ld\u0131r Cumartesi g\u00fcnleri ikindi namaz\u0131n\u0131 m\u00fcteakip aral\u0131ks\u0131z olarak devam edegelen sohbetlerde, Kur\u2019an ve S\u00fcnnet-i Seniyye\u2019den derlenen \u00e2yet ve hadislerin \u0131\u015f\u0131\u011f\u0131nda manev\u00ee hastal\u0131klar\u0131m\u0131z\u0131n ted\u00e2visine ve kalb-i sel\u00eem\u2019e ula\u015fmaya y\u00f6nelik re\u00e7ete ve perhizler sunulmaya \u00e7al\u0131\u015f\u0131lmaktad\u0131r. G\u00f6n\u00fcl d\u00fcnyam\u0131z\u0131n m\u00e2nev\u00ee dinamiklerini konu edinen sadra \u015fifa bu sohbetlerde, sevdan\u0131n asl\u0131 y\u00e2d edilerek, tasavvufun \u00f6z\u00fcn\u00fc te\u015fkil eden ihl\u00e2s, ihs\u00e2n, takv\u00e2, edeb-ad\u00e2b, g\u00fczel ahl\u00e2k, yarat\u0131lana hizmet, r\u0131z\u00e2, tevhid ve kulluk gibi kavramalara vurgu yap\u0131lmaktad\u0131r. Zaman zaman i\u015flenen konu ile alakal\u0131 \u00e2yet ve hadislerin ilgili tefsir ve \u015ferhlerle ilm\u00ee olarak ele al\u0131nmas\u0131na \u00e7al\u0131\u015f\u0131lmakta, akabinde konunun ihl\u00e2s ve ihs\u00e2n \u00fczerinden tekrar kullu\u011fa ba\u011flanmas\u0131 ile, ilim ve irf\u00e2n birlikteli\u011finin ne derece elzem ve de\u011ferli oldu\u011funun ilim ve g\u00f6n\u00fcl erb\u00e2b\u0131na her dem hat\u0131rlat\u0131lmas\u0131 ama\u00e7lanmaktad\u0131r.\t\t\t\t\t\t\t\t<\/div>\n\t\t\t\t<\/div>\n\t\t\t\t\t<\/div>\n\t\t<\/div>\n\t\t\t\t\t<\/div>\n\t\t<\/section>\n\t\t\t\t<section class=\"elementor-section elementor-top-section elementor-element elementor-element-b50fece elementor-section-boxed elementor-section-height-default elementor-section-height-default\" data-id=\"b50fece\" data-element_type=\"section\" data-e-type=\"section\">\n\t\t\t\t\t\t<div class=\"elementor-container elementor-column-gap-default\">\n\t\t\t\t\t<div class=\"elementor-column elementor-col-100 elementor-top-column elementor-element elementor-element-ff0d5c5\" data-id=\"ff0d5c5\" data-element_type=\"column\" data-e-type=\"column\">\n\t\t\t<div class=\"elementor-widget-wrap elementor-element-populated\">\n\t\t\t\t\t\t<div class=\"elementor-element elementor-element-2ee3ae8d elementor-blockquote--skin-boxed elementor-blockquote--align-left elementor-blockquote--button-skin-bubble elementor-blockquote--button-view-icon-text elementor-widget elementor-widget-blockquote\" data-id=\"2ee3ae8d\" data-element_type=\"widget\" data-e-type=\"widget\" data-widget_type=\"blockquote.default\">\n\t\t\t\t<div class=\"elementor-widget-container\">\n\t\t\t\t\t\t\t<blockquote class=\"elementor-blockquote\">\n\t\t\t<p class=\"elementor-blockquote__content\">\n\t\t\t\t\u201cBizim yolumuz sohbet yoludur!\u201d\t\t\t<\/p>\n\t\t\t\t\t\t\t<div class=\"e-q-footer\">\n\t\t\t\t\t\t\t\t\t\t\t<cite class=\"elementor-blockquote__author\">\u015eah-\u0131 Nak\u015fibendi (k.s)<\/cite>\n\t\t\t\t\t\t\t\t\t\t\t\t\t\t\t\t<a href=\"https:\/\/twitter.com\/intent\/tweet?text=%E2%80%9CBizim+yolumuz+sohbet+yoludur%21%E2%80%9D+%E2%80%94+%C5%9Eah-%C4%B1+Nak%C5%9Fibendi+%28k.s%29&amp;url=https%3A%2F%2Fwww.kudem.com%2Ftr%2Ftr%2Fgoenuel-sohbetleri&amp;via=ifisiz1\" class=\"elementor-blockquote__tweet-button\" target=\"_blank\">\n\t\t\t\t\t\t\t\t\t\t\t\t\t\t\t<svg aria-hidden=\"true\" class=\"e-font-icon-svg e-fab-twitter\" viewBox=\"0 0 512 512\" xmlns=\"http:\/\/www.w3.org\/2000\/svg\"><path d=\"M459.37 151.716c.325 4.548.325 9.097.325 13.645 0 138.72-105.583 298.558-298.558 298.558-59.452 0-114.68-17.219-161.137-47.106 8.447.974 16.568 1.299 25.34 1.299 49.055 0 94.213-16.568 130.274-44.832-46.132-.975-84.792-31.188-98.112-72.772 6.498.974 12.995 1.624 19.818 1.624 9.421 0 18.843-1.3 27.614-3.573-48.081-9.747-84.143-51.98-84.143-102.985v-1.299c13.969 7.797 30.214 12.67 47.431 13.319-28.264-18.843-46.781-51.005-46.781-87.391 0-19.492 5.197-37.36 14.294-52.954 51.655 63.675 129.3 105.258 216.365 109.807-1.624-7.797-2.599-15.918-2.599-24.04 0-57.828 46.782-104.934 104.934-104.934 30.213 0 57.502 12.67 76.67 33.137 23.715-4.548 46.456-13.32 66.599-25.34-7.798 24.366-24.366 44.833-46.132 57.827 21.117-2.273 41.584-8.122 60.426-16.243-14.292 20.791-32.161 39.308-52.628 54.253z\"><\/path><\/svg>\t\t\t\t\t\t\t\t\t\t\t\t\t\t\t\t\t\t\t\t\t\t\t\t\t\t\t\t\t\t<span class=\"elementor-blockquote__tweet-label\">Tweet<\/span>\n\t\t\t\t\t\t\t\t\t\t\t\t\t<\/a>\n\t\t\t\t\t\t\t\t\t<\/div>\n\t\t\t\t\t<\/blockquote>\n\t\t\t\t\t\t<\/div>\n\t\t\t\t<\/div>\n\t\t\t\t<div class=\"elementor-element elementor-element-5e31d65 elementor-widget elementor-widget-text-editor\" data-id=\"5e31d65\" data-element_type=\"widget\" data-e-type=\"widget\" data-widget_type=\"text-editor.default\">\n\t\t\t\t<div class=\"elementor-widget-container\">\n\t\t\t\t\t\t\t\t\t<p>Saadet-i d\u00e2reyn kap\u0131lar\u0131n\u0131n ancak zihin ve g\u00f6n\u00fcl birlikteli\u011finin yakalanmas\u0131yla aralanabilece\u011fi inanc\u0131 ile, Kur\u2019an ve S\u00fcnnet s\u00fczgecinden dam\u0131t\u0131larak bizlere ula\u015fan ihl\u00e2s, ihs\u00e2n, takv\u00e2, a\u015fk, edeb-ad\u00e2b, hizmet, r\u0131z\u00e2-\u0131 il\u00e2h\u00ee, tevhid ve kulluk gibi temel de\u011ferler \u00fczerinde y\u00fckselen, g\u00f6steri\u015f ve hur\u00e2felerden uzak, ilm\u00eeli\u011fin esas oldu\u011fu, istik\u00e2mete dayal\u0131 ve \u00f6z\u00fcne uygun bir TASAVVUF anlay\u0131\u015f\u0131n\u0131 benimseyen Say\u0131n Prof. Dr. H\u00fcseyin \u0130lker \u00c7\u0131nar Hocaefendi, verdi\u011fi m\u00fbtad sohbet ve konferanslarla t\u00fcm bu ulv\u00ee de\u011ferlerin ve b\u00f6ylesi bir tasavvuf anlay\u0131\u015f\u0131n\u0131n ku\u015fan\u0131l\u0131p yayg\u0131nla\u015ft\u0131r\u0131lmas\u0131n\u0131n derdi i\u00e7erisindedir. Her hafta Cumartesi g\u00fcnleri KUDEM\u2019de m\u00fbtad olarak ir\u00e2d edilen \u201cG\u00f6n\u00fcl Sohbetleri\u201d, Rabbimize hamdolsun ki, hem ehl-i g\u00f6n\u00fcle ve hem de g\u00fcnl\u00fck hayat i\u00e7erisindeki ko\u015fu\u015fturmalardan bunal\u0131p daralarak \u00f6z\u00fcn\u00fc arayan g\u00f6n\u00fcllere, Kur\u2019\u00e2n ve S\u00fcnnet-i Seniyye\u2019nin e\u015fsiz ikliminden m\u00e2nev\u00ee r\u00e2yih\u00e2lar sunmaya derin bir a\u015fk ve muhabbetle devam etmektedir.<\/p>\t\t\t\t\t\t\t\t<\/div>\n\t\t\t\t<\/div>\n\t\t\t\t\t<\/div>\n\t\t<\/div>\n\t\t\t\t\t<\/div>\n\t\t<\/section>\n\t\t\t\t<section class=\"elementor-section elementor-top-section elementor-element elementor-element-6289f4f7 elementor-section-height-min-height elementor-section-boxed elementor-section-height-default elementor-section-items-middle\" data-id=\"6289f4f7\" data-element_type=\"section\" data-e-type=\"section\" data-settings=\"{&quot;background_background&quot;:&quot;classic&quot;}\">\n\t\t\t\t\t\t\t<div class=\"elementor-background-overlay\"><\/div>\n\t\t\t\t\t\t\t<div class=\"elementor-container elementor-column-gap-default\">\n\t\t\t\t\t<div class=\"elementor-column elementor-col-100 elementor-top-column elementor-element elementor-element-10e46f90\" data-id=\"10e46f90\" data-element_type=\"column\" data-e-type=\"column\">\n\t\t\t<div class=\"elementor-widget-wrap elementor-element-populated\">\n\t\t\t\t\t\t<div class=\"elementor-element elementor-element-73bf9bdd elementor-hidden-phone elementor-widget-divider--view-line elementor-widget elementor-widget-divider\" data-id=\"73bf9bdd\" data-element_type=\"widget\" data-e-type=\"widget\" data-widget_type=\"divider.default\">\n\t\t\t\t<div class=\"elementor-widget-container\">\n\t\t\t\t\t\t\t<div class=\"elementor-divider\">\n\t\t\t<span class=\"elementor-divider-separator\">\n\t\t\t\t\t\t<\/span>\n\t\t<\/div>\n\t\t\t\t\t\t<\/div>\n\t\t\t\t<\/div>\n\t\t\t\t<div class=\"elementor-element elementor-element-3e40a60e elementor-widget elementor-widget-heading\" data-id=\"3e40a60e\" data-element_type=\"widget\" data-e-type=\"widget\" data-widget_type=\"heading.default\">\n\t\t\t\t<div class=\"elementor-widget-container\">\n\t\t\t\t\t<h2 class=\"elementor-heading-title elementor-size-default\">G\u00f6n\u00fcl Sohbetleri KUDEM\u00b4de<\/h2>\t\t\t\t<\/div>\n\t\t\t\t<\/div>\n\t\t\t\t<div class=\"elementor-element elementor-element-58b10cda elementor-hidden-phone elementor-widget-divider--view-line elementor-widget elementor-widget-divider\" data-id=\"58b10cda\" data-element_type=\"widget\" data-e-type=\"widget\" data-widget_type=\"divider.default\">\n\t\t\t\t<div class=\"elementor-widget-container\">\n\t\t\t\t\t\t\t<div class=\"elementor-divider\">\n\t\t\t<span class=\"elementor-divider-separator\">\n\t\t\t\t\t\t<\/span>\n\t\t<\/div>\n\t\t\t\t\t\t<\/div>\n\t\t\t\t<\/div>\n\t\t\t\t<section class=\"elementor-section elementor-inner-section elementor-element elementor-element-22b2f8bd elementor-reverse-mobile elementor-section-boxed elementor-section-height-default elementor-section-height-default\" data-id=\"22b2f8bd\" data-element_type=\"section\" data-e-type=\"section\">\n\t\t\t\t\t\t<div class=\"elementor-container elementor-column-gap-default\">\n\t\t\t\t\t<div class=\"elementor-column elementor-col-50 elementor-inner-column elementor-element elementor-element-c385f15\" data-id=\"c385f15\" data-element_type=\"column\" data-e-type=\"column\">\n\t\t\t<div class=\"elementor-widget-wrap elementor-element-populated\">\n\t\t\t\t\t\t<div class=\"elementor-element elementor-element-34b0e3a0 elementor-widget elementor-widget-heading\" data-id=\"34b0e3a0\" data-element_type=\"widget\" data-e-type=\"widget\" data-widget_type=\"heading.default\">\n\t\t\t\t<div class=\"elementor-widget-container\">\n\t\t\t\t\t<h3 class=\"elementor-heading-title elementor-size-default\">Ileti\u015fim<\/h3>\t\t\t\t<\/div>\n\t\t\t\t<\/div>\n\t\t\t\t<div class=\"elementor-element elementor-element-562d113 elementor-button-align-center elementor-widget elementor-widget-form\" data-id=\"562d113\" data-element_type=\"widget\" data-e-type=\"widget\" data-settings=\"{&quot;step_next_label&quot;:&quot;N\\u00e4chster&quot;,&quot;step_previous_label&quot;:&quot;Voriger&quot;,&quot;button_width&quot;:&quot;100&quot;,&quot;step_type&quot;:&quot;number_text&quot;,&quot;step_icon_shape&quot;:&quot;circle&quot;}\" data-widget_type=\"form.default\">\n\t\t\t\t<div class=\"elementor-widget-container\">\n\t\t\t\t\t\t\t<form class=\"elementor-form\" method=\"post\" name=\"New Form\" aria-label=\"New Form\">\n\t\t\t<input type=\"hidden\" name=\"post_id\" value=\"3829\"\/>\n\t\t\t<input type=\"hidden\" name=\"form_id\" value=\"562d113\"\/>\n\t\t\t<input type=\"hidden\" name=\"referer_title\" value=\"G\u00f6n\u00fcl Sohbetleri - KUDEM e.V.\" \/>\n\n\t\t\t\t\t\t\t<input type=\"hidden\" name=\"queried_id\" value=\"3829\"\/>\n\t\t\t\n\t\t\t<div class=\"elementor-form-fields-wrapper elementor-labels-\">\n\t\t\t\t\t\t\t\t<div class=\"elementor-field-type-email elementor-field-group elementor-column elementor-field-group-email elementor-col-100 elementor-field-required\">\n\t\t\t\t\t\t\t\t\t\t\t\t\t<input size=\"1\" type=\"email\" name=\"form_fields[email]\" id=\"form-field-email\" class=\"elementor-field elementor-size-md  elementor-field-textual\" placeholder=\"E-posta adresi\" required=\"required\">\n\t\t\t\t\t\t\t\t\t\t\t<\/div>\n\t\t\t\t\t\t\t\t<div class=\"elementor-field-type-textarea elementor-field-group elementor-column elementor-field-group-message elementor-col-100\">\n\t\t\t\t\t<textarea class=\"elementor-field-textual elementor-field  elementor-size-md\" name=\"form_fields[message]\" id=\"form-field-message\" rows=\"4\" placeholder=\"Size nas\u0131l yard\u0131mci ola biliriz?\"><\/textarea>\t\t\t\t<\/div>\n\t\t\t\t\t\t\t\t<div class=\"elementor-field-group elementor-column elementor-field-type-submit elementor-col-100 e-form__buttons\">\n\t\t\t\t\t<button class=\"elementor-button elementor-size-sm\" type=\"submit\">\n\t\t\t\t\t\t<span class=\"elementor-button-content-wrapper\">\n\t\t\t\t\t\t\t\t\t\t\t\t\t\t\t\t\t\t\t\t\t\t<span class=\"elementor-button-text\">G\u00f6nder<\/span>\n\t\t\t\t\t\t\t\t\t\t\t\t\t<\/span>\n\t\t\t\t\t<\/button>\n\t\t\t\t<\/div>\n\t\t\t<\/div>\n\t\t<\/form>\n\t\t\t\t\t\t<\/div>\n\t\t\t\t<\/div>\n\t\t\t\t\t<\/div>\n\t\t<\/div>\n\t\t\t\t<div class=\"elementor-column elementor-col-50 elementor-inner-column elementor-element elementor-element-598f40cb\" data-id=\"598f40cb\" data-element_type=\"column\" data-e-type=\"column\">\n\t\t\t<div class=\"elementor-widget-wrap elementor-element-populated\">\n\t\t\t\t\t\t<div class=\"elementor-element elementor-element-9dc36d6 elementor-widget elementor-widget-heading\" data-id=\"9dc36d6\" data-element_type=\"widget\" data-e-type=\"widget\" data-widget_type=\"heading.default\">\n\t\t\t\t<div class=\"elementor-widget-container\">\n\t\t\t\t\t<h3 class=\"elementor-heading-title elementor-size-default\">Adres<\/h3>\t\t\t\t<\/div>\n\t\t\t\t<\/div>\n\t\t\t\t<div class=\"elementor-element elementor-element-218bdeaf elementor-widget elementor-widget-google_maps\" data-id=\"218bdeaf\" data-element_type=\"widget\" data-e-type=\"widget\" data-widget_type=\"google_maps.default\">\n\t\t\t\t<div class=\"elementor-widget-container\">\n\t\t\t\t\t\t\t<div class=\"elementor-custom-embed\">\n\t\t\t<iframe loading=\"lazy\"\n\t\t\t\t\tsrc=\"https:\/\/maps.google.com\/maps?q=kudem%2C%20mannheim&#038;t=m&#038;z=15&#038;output=embed&#038;iwloc=near\"\n\t\t\t\t\ttitle=\"kudem, mannheim\"\n\t\t\t\t\taria-label=\"kudem, mannheim\"\n\t\t\t><\/iframe>\n\t\t<\/div>\n\t\t\t\t\t\t<\/div>\n\t\t\t\t<\/div>\n\t\t\t\t\t<\/div>\n\t\t<\/div>\n\t\t\t\t\t<\/div>\n\t\t<\/section>\n\t\t\t\t\t<\/div>\n\t\t<\/div>\n\t\t\t\t\t<\/div>\n\t\t<\/section>\n\t\t\t\t<\/div>\n\t\t","protected":false},"excerpt":{"rendered":"<p>Prof. Dr. H\u00fcseyin \u0130lker \u00c7\u0131nar Hocaefendi, KUDEM\u2019de Her Hafta M\u00fbtad Olarak Ger\u00e7ekle\u015fen \u201cG\u00f6n\u00fcl Sohbetleri\u201d ile G\u00f6n\u00fcl D\u00fcnyam\u0131za I\u015f\u0131k Tutmaya Devam Ediyor Prof. Dr. H\u00fcseyin \u0130lker \u00c7\u0131nar Hocaefendi, 19 y\u0131ld\u0131r verdi\u011fi \u201cG\u00f6n\u00fcl Sohbetleri\u201d ile m\u00e2n\u00e2 ve g\u00f6n\u00fcl d\u00fcnyam\u0131za \u0131\u015f\u0131k tutmaya devam ediyor. Din nas\u00eehattir Prophet Mu\u1e25ammad (s.a.w.) Tweet Hab\u00eeb-i Kibriy\u00e2 Efendimiz\u2019in (aleyhissalatu vesselam) \u201cDin nas\u00eehattir\u201d buyruklar\u0131n\u0131n [&hellip;]<\/p>\n","protected":false},"author":2,"featured_media":533,"parent":0,"menu_order":0,"comment_status":"closed","ping_status":"closed","template":"elementor_header_footer","meta":{"footnotes":""},"class_list":["post-3829","page","type-page","status-publish","has-post-thumbnail","hentry"],"_links":{"self":[{"href":"https:\/\/www.kudem.com\/tr\/wp-json\/wp\/v2\/pages\/3829","targetHints":{"allow":["GET"]}}],"collection":[{"href":"https:\/\/www.kudem.com\/tr\/wp-json\/wp\/v2\/pages"}],"about":[{"href":"https:\/\/www.kudem.com\/tr\/wp-json\/wp\/v2\/types\/page"}],"author":[{"embeddable":true,"href":"https:\/\/www.kudem.com\/tr\/wp-json\/wp\/v2\/users\/2"}],"replies":[{"embeddable":true,"href":"https:\/\/www.kudem.com\/tr\/wp-json\/wp\/v2\/comments?post=3829"}],"version-history":[{"count":0,"href":"https:\/\/www.kudem.com\/tr\/wp-json\/wp\/v2\/pages\/3829\/revisions"}],"wp:featuredmedia":[{"embeddable":true,"href":"https:\/\/www.kudem.com\/tr\/wp-json\/wp\/v2\/media\/533"}],"wp:attachment":[{"href":"https:\/\/www.kudem.com\/tr\/wp-json\/wp\/v2\/media?parent=3829"}],"curies":[{"name":"wp","href":"https:\/\/api.w.org\/{rel}","templated":true}]}}