{"id":4301,"date":"2019-11-30T13:47:52","date_gmt":"2019-11-30T12:47:52","guid":{"rendered":"https:\/\/kudem.apps-1and1.net\/cocuk-kuetuephanesi"},"modified":"2022-06-08T22:45:29","modified_gmt":"2022-06-08T20:45:29","slug":"cocuk-kuetuephanesi","status":"publish","type":"page","link":"https:\/\/www.kudem.com\/tr\/cocuk-kuetuephanesi","title":{"rendered":"KUDEM \u2013 \u00c7ocuk K\u00fct\u00fcphanesi"},"content":{"rendered":"\t\t<div data-elementor-type=\"wp-page\" data-elementor-id=\"4301\" class=\"elementor elementor-4301 elementor-2411\" data-elementor-post-type=\"page\">\n\t\t\t\t\t\t<section class=\"elementor-section elementor-top-section elementor-element elementor-element-20437794 elementor-section-height-min-height elementor-section-boxed elementor-section-height-default elementor-section-items-middle\" data-id=\"20437794\" data-element_type=\"section\" data-e-type=\"section\" data-settings=\"{&quot;background_background&quot;:&quot;classic&quot;}\">\n\t\t\t\t\t\t\t<div class=\"elementor-background-overlay\"><\/div>\n\t\t\t\t\t\t\t<div class=\"elementor-container elementor-column-gap-narrow\">\n\t\t\t\t\t<div class=\"elementor-column elementor-col-100 elementor-top-column elementor-element elementor-element-18d9b1a5\" data-id=\"18d9b1a5\" data-element_type=\"column\" data-e-type=\"column\">\n\t\t\t<div class=\"elementor-widget-wrap elementor-element-populated\">\n\t\t\t\t\t\t<div class=\"elementor-element elementor-element-53cc3d4c elementor-widget elementor-widget-heading\" data-id=\"53cc3d4c\" data-element_type=\"widget\" data-e-type=\"widget\" data-widget_type=\"heading.default\">\n\t\t\t\t<div class=\"elementor-widget-container\">\n\t\t\t\t\t<h1 class=\"elementor-heading-title elementor-size-default\">KUDEM \u2013 \u00c7ocuk K\u00fct\u00fcphanesi<\/h1>\t\t\t\t<\/div>\n\t\t\t\t<\/div>\n\t\t\t\t\t<\/div>\n\t\t<\/div>\n\t\t\t\t\t<\/div>\n\t\t<\/section>\n\t\t\t\t<section class=\"elementor-section elementor-top-section elementor-element elementor-element-7c331b1b elementor-section-boxed elementor-section-height-default elementor-section-height-default\" data-id=\"7c331b1b\" data-element_type=\"section\" data-e-type=\"section\">\n\t\t\t\t\t\t<div class=\"elementor-container elementor-column-gap-default\">\n\t\t\t\t\t<div class=\"elementor-column elementor-col-100 elementor-top-column elementor-element elementor-element-49bb2fdd\" data-id=\"49bb2fdd\" data-element_type=\"column\" data-e-type=\"column\">\n\t\t\t<div class=\"elementor-widget-wrap elementor-element-populated\">\n\t\t\t\t\t\t<div class=\"elementor-element elementor-element-23507ae9 elementor-widget elementor-widget-text-editor\" data-id=\"23507ae9\" data-element_type=\"widget\" data-e-type=\"widget\" data-widget_type=\"text-editor.default\">\n\t\t\t\t<div class=\"elementor-widget-container\">\n\t\t\t\t\t\t\t\t\t<p>KUDEM \u2013 \u00c7ocuk K\u00fct\u00fcphanesi Almanca ve T\u00fcrk\u00e7e\u2019nin yan\u0131 s\u0131ra \u0130ngilizce, Arap\u00e7a ve Frans\u0131zca olmak \u00fczere toplam 5 dilden olu\u015fan 50.000 eseri a\u015fk\u0131n kitap i\u00e7ermektedir. \u00c7ocuklara hitap edecek tarzda modern bir \u015fekilde dizayn edilmi\u015f olan KUDEM \u2013 \u00c7ocuk K\u00fct\u00fcphanesi, farkl\u0131 k\u00fclt\u00fcrlere sahip ilk ve ortaokul \u00f6\u011frencilerinin dil ve okuma becerilerini geli\u015ftirmelerinde yard\u0131mc\u0131 olaca\u011f\u0131 gibi onlar\u0131n gen\u00e7 ya\u015fta klasik ve modern literat\u00fcre olan ilgilerini artt\u0131rmaya vesile olacakt\u0131r. Bu konuda \u00e7ocuklara pedagog ve e\u011fitmenlerin destekleri e\u015flik edecektir. Gen\u00e7lerin biraraya gelip birbirleriyle kayna\u015faca\u011f\u0131 ortam\u0131 sunan KUDEM \u2013 \u00c7ocuk K\u00fct\u00fcphanesi, a\u011f\u0131rl\u0131\u011f\u0131n\u0131 e\u011fitimin olmazsa olmaz\u0131 olan okuma yetene\u011finin geli\u015fmesine vermektedir. Be\u015f farkl\u0131 dilden eserlerin bir arada bulunmas\u0131, gen\u00e7 okurlar\u0131n farkl\u0131 k\u00fclt\u00fcr ve dilleri tan\u0131mas\u0131na \u00f6n ayak olacakt\u0131r. KUDEM &#8211; \u00c7ocuk K\u00fct\u00fcphanesi sayesinde gen\u00e7ler bir yandan aralar\u0131nda okuma halkas\u0131\/serileri olu\u015fturacak, di\u011fer yandan \u00f6nemli yazarlarla bir araya gelip tan\u0131\u015fma imkan\u0131 elde edecekler. Sundu\u011fu faaliyetlerle insanlara sanat, k\u00fclt\u00fcr ve bilime giden yollar\u0131 sonuna de\u011fin a\u00e7an KUDEM, \u00e7ok dilli \u00e7ocuk k\u00fct\u00fcphanesi projesiyle de ayn\u0131 gayenin ger\u00e7ekle\u015fmesini ama\u00e7lamaktad\u0131r. KUDEM \u2013 \u00c7ocuk K\u00fct\u00fcphanesinin kurucusu olan say\u0131n Prof. Dr. H\u00fcseyin \u0130lker \u00c7\u0131nar, k\u00fct\u00fcphanenin fikirsel ve fiziksel anlamda geli\u015ftirimesini bizatihi g\u00f6zetip y\u00f6netmektedir.<\/p>\t\t\t\t\t\t\t\t<\/div>\n\t\t\t\t<\/div>\n\t\t\t\t\t<\/div>\n\t\t<\/div>\n\t\t\t\t\t<\/div>\n\t\t<\/section>\n\t\t\t\t<section class=\"elementor-section elementor-top-section elementor-element elementor-element-643a58a1 elementor-section-height-min-height elementor-section-boxed elementor-section-height-default elementor-section-items-middle\" data-id=\"643a58a1\" data-element_type=\"section\" data-e-type=\"section\" data-settings=\"{&quot;background_background&quot;:&quot;classic&quot;}\">\n\t\t\t\t\t\t\t<div class=\"elementor-background-overlay\"><\/div>\n\t\t\t\t\t\t\t<div class=\"elementor-container elementor-column-gap-default\">\n\t\t\t\t\t<div class=\"elementor-column elementor-col-100 elementor-top-column elementor-element elementor-element-b6e1330\" data-id=\"b6e1330\" data-element_type=\"column\" data-e-type=\"column\">\n\t\t\t<div class=\"elementor-widget-wrap elementor-element-populated\">\n\t\t\t\t\t\t<div class=\"elementor-element elementor-element-1fd36790 elementor-widget elementor-widget-heading\" data-id=\"1fd36790\" data-element_type=\"widget\" data-e-type=\"widget\" data-widget_type=\"heading.default\">\n\t\t\t\t<div class=\"elementor-widget-container\">\n\t\t\t\t\t<h3 class=\"elementor-heading-title elementor-size-default\">Be\u015f dilde 50.000\u2018den fazla \u00e7ocuk kitab\u0131<\/h3>\t\t\t\t<\/div>\n\t\t\t\t<\/div>\n\t\t\t\t\t<\/div>\n\t\t<\/div>\n\t\t\t\t\t<\/div>\n\t\t<\/section>\n\t\t\t\t<section class=\"elementor-section elementor-top-section elementor-element elementor-element-4b201e0 elementor-section-height-min-height elementor-section-boxed elementor-section-height-default elementor-section-items-middle\" data-id=\"4b201e0\" data-element_type=\"section\" data-e-type=\"section\" data-settings=\"{&quot;background_background&quot;:&quot;classic&quot;}\">\n\t\t\t\t\t\t\t<div class=\"elementor-background-overlay\"><\/div>\n\t\t\t\t\t\t\t<div class=\"elementor-container elementor-column-gap-default\">\n\t\t\t\t\t<div class=\"elementor-column elementor-col-100 elementor-top-column elementor-element elementor-element-e798e71\" data-id=\"e798e71\" data-element_type=\"column\" data-e-type=\"column\">\n\t\t\t<div class=\"elementor-widget-wrap elementor-element-populated\">\n\t\t\t\t\t\t<div class=\"elementor-element elementor-element-60007375 elementor-arrows-position-outside elementor-pagination-position-outside elementor-widget elementor-widget-image-carousel\" data-id=\"60007375\" data-element_type=\"widget\" data-e-type=\"widget\" data-settings=\"{&quot;slides_to_show&quot;:&quot;1&quot;,&quot;navigation&quot;:&quot;both&quot;,&quot;autoplay&quot;:&quot;yes&quot;,&quot;pause_on_hover&quot;:&quot;yes&quot;,&quot;pause_on_interaction&quot;:&quot;yes&quot;,&quot;autoplay_speed&quot;:5000,&quot;infinite&quot;:&quot;yes&quot;,&quot;effect&quot;:&quot;slide&quot;,&quot;speed&quot;:500}\" data-widget_type=\"image-carousel.default\">\n\t\t\t\t<div class=\"elementor-widget-container\">\n\t\t\t\t\t\t\t<div class=\"elementor-image-carousel-wrapper swiper\" role=\"region\" aria-roledescription=\"carousel\" aria-label=\"Resim D\u00f6ng\u00fcs\u00fc\" dir=\"ltr\">\n\t\t\t<div class=\"elementor-image-carousel swiper-wrapper swiper-image-stretch\" aria-live=\"off\">\n\t\t\t\t\t\t\t\t<div class=\"swiper-slide\" role=\"group\" aria-roledescription=\"slide\" aria-label=\"1 \/ 8\"><figure class=\"swiper-slide-inner\"><img decoding=\"async\" class=\"swiper-slide-image\" src=\"https:\/\/www.kudem.com\/wp-content\/uploads\/2020\/05\/C\u0327ocuk-Ku\u0308phanesi-1.jpg\" alt=\"KUDEM C\u0327ocuk Ku\u0308phanesi\" \/><\/figure><\/div><div class=\"swiper-slide\" role=\"group\" aria-roledescription=\"slide\" aria-label=\"2 \/ 8\"><figure class=\"swiper-slide-inner\"><img decoding=\"async\" class=\"swiper-slide-image\" src=\"https:\/\/www.kudem.com\/wp-content\/uploads\/2020\/05\/C\u0327ocuk-Ku\u0308phanesi-2.jpg\" alt=\"KUDEM C\u0327ocuk Ku\u0308phanesi\" \/><\/figure><\/div><div class=\"swiper-slide\" role=\"group\" aria-roledescription=\"slide\" aria-label=\"3 \/ 8\"><figure class=\"swiper-slide-inner\"><img decoding=\"async\" class=\"swiper-slide-image\" src=\"https:\/\/www.kudem.com\/wp-content\/uploads\/2020\/05\/C\u0327ocuk-Ku\u0308phanesi-3.jpg\" alt=\"KUDEM C\u0327ocuk Ku\u0308phanesi\" \/><\/figure><\/div><div class=\"swiper-slide\" role=\"group\" aria-roledescription=\"slide\" aria-label=\"4 \/ 8\"><figure class=\"swiper-slide-inner\"><img decoding=\"async\" class=\"swiper-slide-image\" src=\"https:\/\/www.kudem.com\/wp-content\/uploads\/2020\/05\/C\u0327ocuk-Ku\u0308phanesi-4.jpg\" alt=\"KUDEM C\u0327ocuk Ku\u0308phanesi\" \/><\/figure><\/div><div class=\"swiper-slide\" role=\"group\" aria-roledescription=\"slide\" aria-label=\"5 \/ 8\"><figure class=\"swiper-slide-inner\"><img decoding=\"async\" class=\"swiper-slide-image\" src=\"https:\/\/www.kudem.com\/wp-content\/uploads\/2020\/05\/C\u0327ocuk-Ku\u0308phanesi-5.jpg\" alt=\"KUDEM C\u0327ocuk Ku\u0308phanesi\" \/><\/figure><\/div><div class=\"swiper-slide\" role=\"group\" aria-roledescription=\"slide\" aria-label=\"6 \/ 8\"><figure class=\"swiper-slide-inner\"><img decoding=\"async\" class=\"swiper-slide-image\" src=\"https:\/\/www.kudem.com\/wp-content\/uploads\/2020\/05\/C\u0327ocuk-Ku\u0308phanesi-6.jpg\" alt=\"KUDEM C\u0327ocuk Ku\u0308phanesi\" \/><\/figure><\/div><div class=\"swiper-slide\" role=\"group\" aria-roledescription=\"slide\" aria-label=\"7 \/ 8\"><figure class=\"swiper-slide-inner\"><img decoding=\"async\" class=\"swiper-slide-image\" src=\"https:\/\/www.kudem.com\/wp-content\/uploads\/2020\/05\/C\u0327ocuk-Ku\u0308phanesi-7.jpg\" alt=\"KUDEM C\u0327ocuk Ku\u0308phanesi\" \/><\/figure><\/div><div class=\"swiper-slide\" role=\"group\" aria-roledescription=\"slide\" aria-label=\"8 \/ 8\"><figure class=\"swiper-slide-inner\"><img decoding=\"async\" class=\"swiper-slide-image\" src=\"https:\/\/www.kudem.com\/wp-content\/uploads\/2020\/05\/C\u0327ocuk-Ku\u0308phanesi-8.jpg\" alt=\"KUDEM C\u0327ocuk Ku\u0308phanesi\" \/><\/figure><\/div>\t\t\t<\/div>\n\t\t\t\t\t\t\t\t\t\t\t\t<div class=\"elementor-swiper-button elementor-swiper-button-prev\" role=\"button\" tabindex=\"0\">\n\t\t\t\t\t\t<svg aria-hidden=\"true\" class=\"e-font-icon-svg e-eicon-chevron-left\" viewBox=\"0 0 1000 1000\" xmlns=\"http:\/\/www.w3.org\/2000\/svg\"><path d=\"M646 125C629 125 613 133 604 142L308 442C296 454 292 471 292 487 292 504 296 521 308 533L604 854C617 867 629 875 646 875 663 875 679 871 692 858 704 846 713 829 713 812 713 796 708 779 692 767L438 487 692 225C700 217 708 204 708 187 708 171 704 154 692 142 675 129 663 125 646 125Z\"><\/path><\/svg>\t\t\t\t\t<\/div>\n\t\t\t\t\t<div class=\"elementor-swiper-button elementor-swiper-button-next\" role=\"button\" tabindex=\"0\">\n\t\t\t\t\t\t<svg aria-hidden=\"true\" class=\"e-font-icon-svg e-eicon-chevron-right\" viewBox=\"0 0 1000 1000\" xmlns=\"http:\/\/www.w3.org\/2000\/svg\"><path d=\"M696 533C708 521 713 504 713 487 713 471 708 454 696 446L400 146C388 133 375 125 354 125 338 125 325 129 313 142 300 154 292 171 292 187 292 204 296 221 308 233L563 492 304 771C292 783 288 800 288 817 288 833 296 850 308 863 321 871 338 875 354 875 371 875 388 867 400 854L696 533Z\"><\/path><\/svg>\t\t\t\t\t<\/div>\n\t\t\t\t\n\t\t\t\t\t\t\t\t\t<div class=\"swiper-pagination\"><\/div>\n\t\t\t\t\t\t\t\t\t<\/div>\n\t\t\t\t\t\t<\/div>\n\t\t\t\t<\/div>\n\t\t\t\t\t<\/div>\n\t\t<\/div>\n\t\t\t\t\t<\/div>\n\t\t<\/section>\n\t\t\t\t<section class=\"elementor-section elementor-top-section elementor-element elementor-element-fc6f5b4 elementor-section-boxed elementor-section-height-default elementor-section-height-default\" data-id=\"fc6f5b4\" data-element_type=\"section\" data-e-type=\"section\">\n\t\t\t\t\t\t<div class=\"elementor-container elementor-column-gap-default\">\n\t\t\t\t\t<div class=\"elementor-column elementor-col-100 elementor-top-column elementor-element elementor-element-51e070d0\" data-id=\"51e070d0\" data-element_type=\"column\" data-e-type=\"column\">\n\t\t\t<div class=\"elementor-widget-wrap elementor-element-populated\">\n\t\t\t\t\t\t<div class=\"elementor-element elementor-element-3ab8675 elementor-widget elementor-widget-heading\" data-id=\"3ab8675\" data-element_type=\"widget\" data-e-type=\"widget\" data-widget_type=\"heading.default\">\n\t\t\t\t<div class=\"elementor-widget-container\">\n\t\t\t\t\t<h3 class=\"elementor-heading-title elementor-size-default\">D\u00fcnyan\u0131n her yerinden klasik \u00e7ocuk kitab\u0131<\/h3>\t\t\t\t<\/div>\n\t\t\t\t<\/div>\n\t\t\t\t<div class=\"elementor-element elementor-element-3bbbf593 elementor-widget elementor-widget-text-editor\" data-id=\"3bbbf593\" data-element_type=\"widget\" data-e-type=\"widget\" data-widget_type=\"text-editor.default\">\n\t\t\t\t<div class=\"elementor-widget-container\">\n\t\t\t\t\t\t\t\t\t\u00c7ocuklara y\u00f6nelik haz\u0131rlanan kitap listesinde \u00f6zellikle 5 dildeki klasik eserlerin \u00f6ncelenmesine ayr\u0131 bir \u00f6nem verilmi\u015ftir. Almanca, \u0130ngilizce, Frans\u0131zca, T\u00fcrk\u00e7e ve Arap\u00e7a dillerinde yaz\u0131l\u0131p klasiklerden say\u0131lan eserleri i\u00e7eren bu liste, Sayin Prof. Dr. \u00c7\u0131nar kontrol\u00fcnde uzman bir ekip taraf\u0131ndan d\u00fczenlenmi\u015ftir.\t\t\t\t\t\t\t\t<\/div>\n\t\t\t\t<\/div>\n\t\t\t\t<div class=\"elementor-element elementor-element-e553df2 elementor-widget elementor-widget-heading\" data-id=\"e553df2\" data-element_type=\"widget\" data-e-type=\"widget\" data-widget_type=\"heading.default\">\n\t\t\t\t<div class=\"elementor-widget-container\">\n\t\t\t\t\t<h3 class=\"elementor-heading-title elementor-size-default\">Okuma K\u00fclt\u00fcr\u00fcn\u00fcn Geli\u015ftirimesi<\/h3>\t\t\t\t<\/div>\n\t\t\t\t<\/div>\n\t\t\t\t<div class=\"elementor-element elementor-element-a5804a2 elementor-widget elementor-widget-text-editor\" data-id=\"a5804a2\" data-element_type=\"widget\" data-e-type=\"widget\" data-widget_type=\"text-editor.default\">\n\t\t\t\t<div class=\"elementor-widget-container\">\n\t\t\t\t\t\t\t\t\tZaman\u0131n hat\u0131r\u0131 say\u0131l\u0131r \u00f6nemli kitap yazarlar\u0131yla bulu\u015fturulacak olan gen\u00e7lerin pedagojik anlamda sa\u011f\u0131kl\u0131 okuma k\u00fclt\u00fcr\u00fc edinmeleri desteklenecektir. KUDEM \u2013 \u00c7ocuk k\u00fct\u00fcphanesinde belli aral\u0131klarla d\u00fczenlenecek olan okuma halkalar\u0131\/serileri, \u00e7ocuklara sayg\u0131n yazarlarla bir araya gelip tan\u0131\u015fma f\u0131rsat\u0131 sunacakt\u0131r.\t\t\t\t\t\t\t\t<\/div>\n\t\t\t\t<\/div>\n\t\t\t\t<div class=\"elementor-element elementor-element-21557e3 elementor-widget elementor-widget-heading\" data-id=\"21557e3\" data-element_type=\"widget\" data-e-type=\"widget\" data-widget_type=\"heading.default\">\n\t\t\t\t<div class=\"elementor-widget-container\">\n\t\t\t\t\t<h3 class=\"elementor-heading-title elementor-size-default\">\u0130leriye D\u00f6n\u00fck Yap\u0131lacak olan \u00c7al\u0131\u015fmalar<\/h3>\t\t\t\t<\/div>\n\t\t\t\t<\/div>\n\t\t\t\t<div class=\"elementor-element elementor-element-9ffbae0 elementor-widget elementor-widget-text-editor\" data-id=\"9ffbae0\" data-element_type=\"widget\" data-e-type=\"widget\" data-widget_type=\"text-editor.default\">\n\t\t\t\t<div class=\"elementor-widget-container\">\n\t\t\t\t\t\t\t\t\tK\u00fct\u00fcphanemiz, gen\u00e7lerin interaktiv \u00f6\u011frenimini destklemek ad\u0131na en modern dijital cihazlarla donat\u0131l\u0131p \u00e7ocuklara y\u00f6nelik etkile\u015fimli e-\u00e7ocuk kitaplar\u0131yla zenginle\u015ftirilecektir. Gen\u00e7lerin erken ya\u015ftan itibaren k\u00fct\u00fcphane kullan\u0131m\u0131na a\u015f\u0131na olmalar\u0131 i\u00e7in, mevcut kitaplar\u0131n verileri \u00e7ocuklar\u0131n eri\u015fimine a\u00e7\u0131k olup internet ortam\u0131nda her zaman i\u00e7in ula\u015f\u0131labilir konumda bulunacakt\u0131r.\t\t\t\t\t\t\t\t<\/div>\n\t\t\t\t<\/div>\n\t\t\t\t\t<\/div>\n\t\t<\/div>\n\t\t\t\t\t<\/div>\n\t\t<\/section>\n\t\t\t\t<\/div>\n\t\t","protected":false},"excerpt":{"rendered":"<p>KUDEM \u2013 \u00c7ocuk K\u00fct\u00fcphanesi KUDEM \u2013 \u00c7ocuk K\u00fct\u00fcphanesi Almanca ve T\u00fcrk\u00e7e\u2019nin yan\u0131 s\u0131ra \u0130ngilizce, Arap\u00e7a ve Frans\u0131zca olmak \u00fczere toplam 5 dilden olu\u015fan 50.000 eseri a\u015fk\u0131n kitap i\u00e7ermektedir. \u00c7ocuklara hitap edecek tarzda modern bir \u015fekilde dizayn edilmi\u015f olan KUDEM \u2013 \u00c7ocuk K\u00fct\u00fcphanesi, farkl\u0131 k\u00fclt\u00fcrlere sahip ilk ve ortaokul \u00f6\u011frencilerinin dil ve okuma becerilerini geli\u015ftirmelerinde yard\u0131mc\u0131 [&hellip;]<\/p>\n","protected":false},"author":2,"featured_media":4657,"parent":0,"menu_order":0,"comment_status":"closed","ping_status":"closed","template":"elementor_header_footer","meta":{"footnotes":""},"class_list":["post-4301","page","type-page","status-publish","has-post-thumbnail","hentry"],"_links":{"self":[{"href":"https:\/\/www.kudem.com\/tr\/wp-json\/wp\/v2\/pages\/4301","targetHints":{"allow":["GET"]}}],"collection":[{"href":"https:\/\/www.kudem.com\/tr\/wp-json\/wp\/v2\/pages"}],"about":[{"href":"https:\/\/www.kudem.com\/tr\/wp-json\/wp\/v2\/types\/page"}],"author":[{"embeddable":true,"href":"https:\/\/www.kudem.com\/tr\/wp-json\/wp\/v2\/users\/2"}],"replies":[{"embeddable":true,"href":"https:\/\/www.kudem.com\/tr\/wp-json\/wp\/v2\/comments?post=4301"}],"version-history":[{"count":0,"href":"https:\/\/www.kudem.com\/tr\/wp-json\/wp\/v2\/pages\/4301\/revisions"}],"wp:featuredmedia":[{"embeddable":true,"href":"https:\/\/www.kudem.com\/tr\/wp-json\/wp\/v2\/media\/4657"}],"wp:attachment":[{"href":"https:\/\/www.kudem.com\/tr\/wp-json\/wp\/v2\/media?parent=4301"}],"curies":[{"name":"wp","href":"https:\/\/api.w.org\/{rel}","templated":true}]}}